{"id":1472,"date":"2018-04-11T15:36:29","date_gmt":"2018-04-11T13:36:29","guid":{"rendered":"https:\/\/confluences-melodie.com\/?page_id=1472"},"modified":"2018-04-16T11:54:42","modified_gmt":"2018-04-16T09:54:42","slug":"los-compositores","status":"publish","type":"page","link":"https:\/\/confluences-melodie.com\/index.php\/es\/los-compositores\/","title":{"rendered":"Los compositores"},"content":{"rendered":"<p>[et_pb_section fb_built=\u00a0\u00bb1&Prime; _builder_version=\u00a0\u00bb3.0.47&Prime;][et_pb_row custom_padding=\u00a0\u00bb0px|0px|0px|0px\u00a0\u00bb _builder_version=\u00a0\u00bb3.0.82&Prime;][et_pb_column type=\u00a0\u00bb4_4&Prime; _builder_version=\u00a0\u00bb3.0.47&Prime; parallax=\u00a0\u00bboff\u00a0\u00bb parallax_method=\u00a0\u00bbon\u00a0\u00bb][et_pb_text _builder_version=\u00a0\u00bb3.0.82&Prime;]<\/p>\n<h1 style=\"text-align: center;\"><span style=\"color: #910942;\">Los compositores<\/span><\/h1>\n<p>[\/et_pb_text][\/et_pb_column][\/et_pb_row][et_pb_row make_fullwidth=\u00a0\u00bbon\u00a0\u00bb custom_padding=\u00a0\u00bb44px|0px|20px|0px\u00a0\u00bb _builder_version=\u00a0\u00bb3.0.82&Prime; background_size=\u00a0\u00bbinitial\u00a0\u00bb background_position=\u00a0\u00bbtop_left\u00a0\u00bb background_repeat=\u00a0\u00bbrepeat\u00a0\u00bb][et_pb_column type=\u00a0\u00bb1_4&Prime; _builder_version=\u00a0\u00bb3.0.47&Prime; parallax=\u00a0\u00bboff\u00a0\u00bb parallax_method=\u00a0\u00bbon\u00a0\u00bb][et_pb_text _builder_version=\u00a0\u00bb3.0.82&Prime; text_orientation=\u00a0\u00bbjustified\u00a0\u00bb module_alignment=\u00a0\u00bbjustified\u00a0\u00bb]<\/p>\n<p><span style=\"font-size: small;\"><strong>Los\u00a0compositores conocidos<\/strong><\/span><\/p>\n<p><span style=\"font-size: small;\">Maurice RAVEL (1875-1937)<\/span><br \/>\n<span style=\"font-size: small;\"> Darius MILHAUD (1892-1974)<\/span><br \/>\n<span style=\"font-size: small;\"> Arthur HONEGGER (1892-1955)<\/span><\/p>\n<p>[\/et_pb_text][\/et_pb_column][et_pb_column type=\u00a0\u00bb1_4&Prime; _builder_version=\u00a0\u00bb3.0.47&Prime; parallax=\u00a0\u00bboff\u00a0\u00bb parallax_method=\u00a0\u00bbon\u00a0\u00bb][et_pb_text _builder_version=\u00a0\u00bb3.0.82&Prime; text_orientation=\u00a0\u00bbjustified\u00a0\u00bb module_alignment=\u00a0\u00bbjustified\u00a0\u00bb]<\/p>\n<p><span style=\"font-size: small;\"><strong>Los\u00a0compositores raros<\/strong><\/span><\/p>\n<p><span style=\"font-size: small;\">L\u00e9on ALGAZI (1890-1971)<\/span><br \/>\n<span style=\"font-size: small;\"> Louis AUBERT (1877-1968)<\/span><br \/>\n<span style=\"font-size: small;\"> Manuel ROSENTHAL (1904-2003)<\/span><br \/>\n<span style=\"font-size: small;\"> Alexandre TANSMAN (1897-1986)<\/span><\/p>\n<p>[\/et_pb_text][\/et_pb_column][et_pb_column type=\u00a0\u00bb1_4&Prime; _builder_version=\u00a0\u00bb3.0.47&Prime; parallax=\u00a0\u00bboff\u00a0\u00bb parallax_method=\u00a0\u00bbon\u00a0\u00bb][et_pb_text _builder_version=\u00a0\u00bb3.0.82&Prime; text_orientation=\u00a0\u00bbjustified\u00a0\u00bb module_alignment=\u00a0\u00bbjustified\u00a0\u00bb]<\/p>\n<p><span style=\"font-size: small;\"><strong>Los compositores\u00a0descubiertos<\/strong><\/span><\/p>\n<p><span style=\"font-size: small;\">Vladimir DYCK (1882-1943)<\/span><br \/>\n<span style=\"font-size: small;\"> Paul MARTINEAU (1890-1915)<\/span><br \/>\n<span style=\"font-size: small;\"> Louis SAGUER (1907-1991)<\/span><\/p>\n<p>[\/et_pb_text][\/et_pb_column][et_pb_column type=\u00a0\u00bb1_4&Prime; _builder_version=\u00a0\u00bb3.0.47&Prime; parallax=\u00a0\u00bboff\u00a0\u00bb parallax_method=\u00a0\u00bbon\u00a0\u00bb][et_pb_text _builder_version=\u00a0\u00bb3.0.82&Prime; text_orientation=\u00a0\u00bbjustified\u00a0\u00bb module_alignment=\u00a0\u00bbjustified\u00a0\u00bb]<\/p>\n<p><span style=\"font-size: small;\"><strong>Los\u00a0compositores de hoy<\/strong><\/span><\/p>\n<p><span style=\"font-size: small;\">Graciane FINZI (1945)<\/span><br \/>\n<span style=\"font-size: small;\"> Nicolas BACRI (1961)<\/span><br \/>\n<span style=\"font-size: small;\"> Vincent BOUCHOT (1966)<\/span><\/p>\n<p>[\/et_pb_text][\/et_pb_column][\/et_pb_row][et_pb_row custom_padding=\u00a0\u00bb0px|0px|0px|0px\u00a0\u00bb _builder_version=\u00a0\u00bb3.0.82&Prime;][et_pb_column type=\u00a0\u00bb4_4&Prime; _builder_version=\u00a0\u00bb3.0.47&Prime; parallax=\u00a0\u00bboff\u00a0\u00bb parallax_method=\u00a0\u00bbon\u00a0\u00bb][et_pb_image src=\u00a0\u00bbhttps:\/\/confluences-melodie.com\/wp-content\/uploads\/2017\/10\/Carte-compositeurs-1.jpg\u00a0\u00bb _builder_version=\u00a0\u00bb3.0.82&Prime; max_width=\u00a0\u00bb85%\u00a0\u00bb module_alignment=\u00a0\u00bbcenter\u00a0\u00bb animation_style=\u00a0\u00bbfade\u00a0\u00bb animation_duration=\u00a0\u00bb1350ms\u00a0\u00bb]<\/p>\n<p>\u00a0<\/p>\n<p>[\/et_pb_image][\/et_pb_column][\/et_pb_row][et_pb_row custom_padding=\u00a0\u00bb0px|0px|0px|0px\u00a0\u00bb _builder_version=\u00a0\u00bb3.0.47&Prime; background_size=\u00a0\u00bbinitial\u00a0\u00bb background_position=\u00a0\u00bbtop_left\u00a0\u00bb background_repeat=\u00a0\u00bbrepeat\u00a0\u00bb _i=\u00a0\u00bb3&Prime; _address=\u00a0\u00bb0.3&Prime;][et_pb_column type=\u00a0\u00bb4_4&Prime; _builder_version=\u00a0\u00bb3.0.47&Prime; parallax=\u00a0\u00bboff\u00a0\u00bb parallax_method=\u00a0\u00bbon\u00a0\u00bb][et_pb_text _builder_version=\u00a0\u00bb3.0.82&Prime;]<\/p>\n<p style=\"text-align: right;\"><span style=\"color: #333333;\">\u00a9 Matthieu Fayette\u00a0<\/span><\/p>\n<p>[\/et_pb_text][\/et_pb_column][\/et_pb_row][et_pb_row custom_padding=\u00a0\u00bb13px|0px|0px|0px\u00a0\u00bb _builder_version=\u00a0\u00bb3.0.47&Prime; background_size=\u00a0\u00bbinitial\u00a0\u00bb background_position=\u00a0\u00bbtop_left\u00a0\u00bb background_repeat=\u00a0\u00bbrepeat\u00a0\u00bb _i=\u00a0\u00bb4&Prime; _address=\u00a0\u00bb0.4&Prime;][et_pb_column type=\u00a0\u00bb4_4&Prime; _builder_version=\u00a0\u00bb3.0.47&Prime; parallax=\u00a0\u00bboff\u00a0\u00bb parallax_method=\u00a0\u00bbon\u00a0\u00bb][et_pb_text _builder_version=\u00a0\u00bb3.0.82&Prime;]<\/p>\n<h2 style=\"text-align: center;\"><span style=\"color: #910942;\">Tres compositoras en el programa\u00a0<\/span><\/h2>\n<p>[\/et_pb_text][\/et_pb_column][\/et_pb_row][et_pb_row custom_padding=\u00a0\u00bb49px|0px|0px|0px\u00a0\u00bb _builder_version=\u00a0\u00bb3.0.82&Prime; background_size=\u00a0\u00bbinitial\u00a0\u00bb background_position=\u00a0\u00bbtop_left\u00a0\u00bb background_repeat=\u00a0\u00bbrepeat\u00a0\u00bb][et_pb_column type=\u00a0\u00bb1_3&Prime; _builder_version=\u00a0\u00bb3.0.47&Prime; parallax=\u00a0\u00bboff\u00a0\u00bb parallax_method=\u00a0\u00bbon\u00a0\u00bb][et_pb_image src=\u00a0\u00bbhttps:\/\/confluences-melodie.com\/wp-content\/uploads\/2017\/10\/833-9-e1508861944674.jpg\u00a0\u00bb align=\u00a0\u00bbcenter\u00a0\u00bb _builder_version=\u00a0\u00bb3.0.82&Prime;]<\/p>\n<p>\u00a0<\/p>\n<p>[\/et_pb_image][et_pb_text _builder_version=\u00a0\u00bb3.0.82&Prime; text_orientation=\u00a0\u00bbjustified\u00a0\u00bb module_alignment=\u00a0\u00bbjustified\u00a0\u00bb]<\/p>\n<p style=\"text-align: center;\"><span style=\"color: #910942;\"><strong>Elsa Barraine<\/strong>\u00a0<\/span><\/p>\n<p>Disc\u00edpula de Paul Dukas, Elsa Barraine fue primer Premio de Roma a los 19 a\u00f1os. Directora de la Orchestre National de France de 1944 a 1946, terminar\u00e1 su carrera como inspectora de los teatros l\u00edricos nacionales bajo la tutela del Ministerio de Cultura de Francia. Mujer jud\u00eda, comprometida, comunista y resistente, participa en la creaci\u00f3n del Front National des Musiciens que ten\u00eda como objetivo la colaboraci\u00f3n entre m\u00fasicos. Fue ella quien, gracias a su red de resistentes, podr\u00e1 obtener los \u201cverdaderos-falsos\u201d papeles para su amigo y compositor Louis Saguer, cuyo verdadero nombre es Ludwig Wolfgang Simoni. Han llamado mi atenci\u00f3n las <em>Trois chansons enfantines<\/em> basados en textos en hebreo de Ha\u00efm Nahman Bialik. Igualmente las <em>Quatre m\u00e9lodies h\u00e9bra\u00efques<\/em> en franc\u00e9s, a medio camino entre melod\u00eda francesa y canci\u00f3n de cabaret.<\/p>\n<p>[\/et_pb_text][\/et_pb_column][et_pb_column type=\u00a0\u00bb1_3&Prime; _builder_version=\u00a0\u00bb3.0.47&Prime; parallax=\u00a0\u00bboff\u00a0\u00bb parallax_method=\u00a0\u00bbon\u00a0\u00bb][et_pb_image src=\u00a0\u00bbhttps:\/\/confluences-melodie.com\/wp-content\/uploads\/2017\/10\/250px-Verdina-Shlonsky_0002-e1508922789403.jpg\u00a0\u00bb align=\u00a0\u00bbcenter\u00a0\u00bb _builder_version=\u00a0\u00bb3.0.82&Prime; max_width=\u00a0\u00bb76%\u00a0\u00bb custom_margin=\u00a0\u00bb|||\u00a0\u00bb custom_padding=\u00a0\u00bb|||\u00a0\u00bb]<\/p>\n<p>\u00a0<\/p>\n<p>[\/et_pb_image][et_pb_text _builder_version=\u00a0\u00bb3.0.82&Prime; text_orientation=\u00a0\u00bbjustified\u00a0\u00bb module_alignment=\u00a0\u00bbjustified\u00a0\u00bb]<\/p>\n<p style=\"text-align: center;\"><span style=\"color: #910942;\"><strong>Verdina Schlonsky<\/strong>\u00a0<\/span><\/p>\n<p>Un talento olvidado. Pianista talentosa y disc\u00edpula de Nadia Boulanger en el Conservatoire de Paris, obtiene en 1930 el Prix musical de l\u2019Aide aux femmes de professions lib\u00e9rales. Este premio, sorprendente para la \u00e9poca, fue obtenido con su melod\u00eda \u201cPo\u00e8me h\u00e9bra\u00efque\u201d sobre un texto de su hermano, el gran poeta Abraham Schlonsky. Esta obra llam\u00f3 much\u00edsimo mi atenci\u00f3n. Es la cuarta de la antolog\u00eda <em>Images Palestiniennes<\/em> que est\u00e1 compuesta de seis. Est\u00e1n cantadas originalmente en hebreo, pero poseen, cada una de ellas, una versi\u00f3n francesa. Verdina Schlonsky puede ser considerada como la primera mujer compositora israel\u00ed, desgraciadamente olvidada.<\/p>\n<p>[\/et_pb_text][\/et_pb_column][et_pb_column type=\u00a0\u00bb1_3&Prime; _builder_version=\u00a0\u00bb3.0.47&Prime; parallax=\u00a0\u00bboff\u00a0\u00bb parallax_method=\u00a0\u00bbon\u00a0\u00bb][et_pb_image src=\u00a0\u00bbhttps:\/\/confluences-melodie.com\/wp-content\/uploads\/2017\/10\/arton56072.jpg\u00a0\u00bb align=\u00a0\u00bbcenter\u00a0\u00bb _builder_version=\u00a0\u00bb3.0.82&Prime; max_width=\u00a0\u00bb98%\u00a0\u00bb]<\/p>\n<p>\u00a0<\/p>\n<p>[\/et_pb_image][et_pb_text _builder_version=\u00a0\u00bb3.0.82&Prime; text_orientation=\u00a0\u00bbjustified\u00a0\u00bb module_alignment=\u00a0\u00bbjustified\u00a0\u00bb]<\/p>\n<p style=\"text-align: center;\"><span style=\"color: #910942;\"><strong>Graciane Finzi<\/strong>\u00a0<\/span><\/p>\n<p>Aqu\u00ed sus propias palabras en la introducci\u00f3n de su Kadish: \u201cNo hay nada m\u00e1s profundo y conmovedor para un compositor que escribir una m\u00fasica sobre un texto sagrado, permitir escribir sonidos sobre palabras que tienen un sentido infinito, saber permanecer en una atm\u00f3sfera de recogimiento intrinsicamente ligada a la liturgia utilizando la voz, el piano y el violonchelo que estar\u00e1n al servicio del texto. Pero como toda m\u00fasica escrita sobre textos religiosos, este Kadish, como el de Ravel, debe poder tambi\u00e9n ser tocado en un contexto profano, una sala de concierto o en cualquier lugar no sagrado. Adem\u00e1s fue interpretado en 2013 por su Abdellah Lasri, en el Festival d\u2019Essaouira en Marruecos; Kadish que cre\u00f3 en Par\u00eds en 2009\u00bb.<\/p>\n<p>[\/et_pb_text][\/et_pb_column][\/et_pb_row][\/et_pb_section][et_pb_section fb_built=\u00a0\u00bb1&Prime; _builder_version=\u00a0\u00bb3.0.82&Prime; global_module=\u00a0\u00bb1715&Prime;][et_pb_row custom_padding=\u00a0\u00bb80px|0px|0px|0px\u00a0\u00bb _builder_version=\u00a0\u00bb3.0.47&Prime; background_size=\u00a0\u00bbinitial\u00a0\u00bb background_position=\u00a0\u00bbtop_left\u00a0\u00bb background_repeat=\u00a0\u00bbrepeat\u00a0\u00bb _i=\u00a0\u00bb0&Prime; _address=\u00a0\u00bb1.0&Prime;][et_pb_column type=\u00a0\u00bb4_4&Prime; _builder_version=\u00a0\u00bb3.0.47&Prime; parallax=\u00a0\u00bboff\u00a0\u00bb parallax_method=\u00a0\u00bbon\u00a0\u00bb][et_pb_divider color=\u00a0\u00bb#910942&Prime; show_divider=\u00a0\u00bbon\u00a0\u00bb divider_style=\u00a0\u00bbsolid\u00a0\u00bb divider_position=\u00a0\u00bbtop\u00a0\u00bb _builder_version=\u00a0\u00bb3.0.82&Prime;][\/et_pb_divider][\/et_pb_column][\/et_pb_row][et_pb_row custom_padding=\u00a0\u00bb23px|0px|0px|0px\u00a0\u00bb _builder_version=\u00a0\u00bb3.0.47&Prime; background_size=\u00a0\u00bbinitial\u00a0\u00bb background_position=\u00a0\u00bbtop_left\u00a0\u00bb background_repeat=\u00a0\u00bbrepeat\u00a0\u00bb _i=\u00a0\u00bb1&Prime; _address=\u00a0\u00bb1.1&Prime;][et_pb_column type=\u00a0\u00bb4_4&Prime; _builder_version=\u00a0\u00bb3.0.47&Prime; parallax=\u00a0\u00bboff\u00a0\u00bb parallax_method=\u00a0\u00bbon\u00a0\u00bb][et_pb_text _builder_version=\u00a0\u00bb3.0.82&Prime; text_font=\u00a0\u00bbGeorgia||||\u00a0\u00bb]<\/p>\n<h3 style=\"text-align: center;\"><span style=\"color: #910942;\"><b>Colaboradores<\/b><\/span><\/h3>\n<p>[\/et_pb_text][et_pb_image src=\u00a0\u00bbhttps:\/\/confluences-melodie.com\/wp-content\/uploads\/2017\/10\/partenaires-confluences.png\u00a0\u00bb align=\u00a0\u00bbcenter\u00a0\u00bb _builder_version=\u00a0\u00bb3.0.82&Prime; max_width=\u00a0\u00bb70%\u00a0\u00bb module_alignment=\u00a0\u00bbcenter\u00a0\u00bb][\/et_pb_image][\/et_pb_column][\/et_pb_row][\/et_pb_section]<\/p>\n","protected":false},"excerpt":{"rendered":"<p>Los compositores Los\u00a0compositores conocidos Maurice RAVEL (1875-1937) Darius MILHAUD (1892-1974) Arthur HONEGGER (1892-1955) Los\u00a0compositores raros L\u00e9on ALGAZI (1890-1971) Louis AUBERT (1877-1968) Manuel ROSENTHAL (1904-2003) Alexandre TANSMAN (1897-1986) Los compositores\u00a0descubiertos Vladimir DYCK (1882-1943) Paul MARTINEAU (1890-1915) Louis SAGUER (1907-1991) Los\u00a0compositores de hoy Graciane FINZI (1945) Nicolas BACRI (1961) Vincent BOUCHOT (1966) \u00a0 \u00a9 Matthieu Fayette\u00a0 Tres [&hellip;]<\/p>\n","protected":false},"author":1,"featured_media":0,"parent":0,"menu_order":0,"comment_status":"closed","ping_status":"closed","template":"","meta":{"_et_pb_use_builder":"on","_et_pb_old_content":"","_et_gb_content_width":"","footnotes":""},"class_list":["post-1472","page","type-page","status-publish","hentry"],"yoast_head":"<!-- This site is optimized with the Yoast SEO plugin v25.6 - https:\/\/yoast.com\/wordpress\/plugins\/seo\/ -->\n<title>Les compositeurs au programme du concert Confluence{s}<\/title>\n<meta name=\"description\" content=\"Pr\u00e9sentation des compositeurs, connus ou m\u00e9connus, disparus ou contemporains pr\u00e9sent\u00e9s au programme du concert Confluence{s}\" \/>\n<meta name=\"robots\" content=\"index, follow, max-snippet:-1, max-image-preview:large, max-video-preview:-1\" \/>\n<link rel=\"canonical\" href=\"https:\/\/confluences-melodie.com\/index.php\/es\/los-compositores\/\" \/>\n<meta property=\"og:locale\" content=\"fr_FR\" \/>\n<meta property=\"og:type\" content=\"article\" \/>\n<meta property=\"og:title\" content=\"Les compositeurs au programme du concert Confluence{s}\" \/>\n<meta property=\"og:description\" content=\"Pr\u00e9sentation des compositeurs, connus ou m\u00e9connus, disparus ou contemporains pr\u00e9sent\u00e9s au programme du concert Confluence{s}\" \/>\n<meta property=\"og:url\" content=\"https:\/\/confluences-melodie.com\/index.php\/es\/los-compositores\/\" \/>\n<meta property=\"og:site_name\" content=\"Confluences\" \/>\n<meta property=\"article:modified_time\" content=\"2018-04-16T09:54:42+00:00\" \/>\n<meta name=\"twitter:card\" content=\"summary_large_image\" \/>\n<meta name=\"twitter:label1\" content=\"Dur\u00e9e de lecture estim\u00e9e\" \/>\n\t<meta name=\"twitter:data1\" content=\"5 minutes\" \/>\n<script type=\"application\/ld+json\" class=\"yoast-schema-graph\">{\"@context\":\"https:\/\/schema.org\",\"@graph\":[{\"@type\":\"WebPage\",\"@id\":\"https:\/\/confluences-melodie.com\/index.php\/es\/los-compositores\/\",\"url\":\"https:\/\/confluences-melodie.com\/index.php\/es\/los-compositores\/\",\"name\":\"Les compositeurs au programme du concert Confluence{s}\",\"isPartOf\":{\"@id\":\"https:\/\/confluences-melodie.com\/#website\"},\"datePublished\":\"2018-04-11T13:36:29+00:00\",\"dateModified\":\"2018-04-16T09:54:42+00:00\",\"description\":\"Pr\u00e9sentation des compositeurs, connus ou m\u00e9connus, disparus ou contemporains pr\u00e9sent\u00e9s au programme du concert Confluence{s}\",\"breadcrumb\":{\"@id\":\"https:\/\/confluences-melodie.com\/index.php\/es\/los-compositores\/#breadcrumb\"},\"inLanguage\":\"fr-FR\",\"potentialAction\":[{\"@type\":\"ReadAction\",\"target\":[\"https:\/\/confluences-melodie.com\/index.php\/es\/los-compositores\/\"]}]},{\"@type\":\"BreadcrumbList\",\"@id\":\"https:\/\/confluences-melodie.com\/index.php\/es\/los-compositores\/#breadcrumb\",\"itemListElement\":[{\"@type\":\"ListItem\",\"position\":1,\"name\":\"Accueil\",\"item\":\"https:\/\/confluences-melodie.com\/\"},{\"@type\":\"ListItem\",\"position\":2,\"name\":\"Los compositores\"}]},{\"@type\":\"WebSite\",\"@id\":\"https:\/\/confluences-melodie.com\/#website\",\"url\":\"https:\/\/confluences-melodie.com\/\",\"name\":\"Confluences\",\"description\":\"R\u00e9cital pour T\u00e9nor, violoncelle et piano\",\"potentialAction\":[{\"@type\":\"SearchAction\",\"target\":{\"@type\":\"EntryPoint\",\"urlTemplate\":\"https:\/\/confluences-melodie.com\/?s={search_term_string}\"},\"query-input\":{\"@type\":\"PropertyValueSpecification\",\"valueRequired\":true,\"valueName\":\"search_term_string\"}}],\"inLanguage\":\"fr-FR\"}]}<\/script>\n<!-- \/ Yoast SEO plugin. -->","yoast_head_json":{"title":"Les compositeurs au programme du concert Confluence{s}","description":"Pr\u00e9sentation des compositeurs, connus ou m\u00e9connus, disparus ou contemporains pr\u00e9sent\u00e9s au programme du concert Confluence{s}","robots":{"index":"index","follow":"follow","max-snippet":"max-snippet:-1","max-image-preview":"max-image-preview:large","max-video-preview":"max-video-preview:-1"},"canonical":"https:\/\/confluences-melodie.com\/index.php\/es\/los-compositores\/","og_locale":"fr_FR","og_type":"article","og_title":"Les compositeurs au programme du concert Confluence{s}","og_description":"Pr\u00e9sentation des compositeurs, connus ou m\u00e9connus, disparus ou contemporains pr\u00e9sent\u00e9s au programme du concert Confluence{s}","og_url":"https:\/\/confluences-melodie.com\/index.php\/es\/los-compositores\/","og_site_name":"Confluences","article_modified_time":"2018-04-16T09:54:42+00:00","twitter_card":"summary_large_image","twitter_misc":{"Dur\u00e9e de lecture estim\u00e9e":"5 minutes"},"schema":{"@context":"https:\/\/schema.org","@graph":[{"@type":"WebPage","@id":"https:\/\/confluences-melodie.com\/index.php\/es\/los-compositores\/","url":"https:\/\/confluences-melodie.com\/index.php\/es\/los-compositores\/","name":"Les compositeurs au programme du concert Confluence{s}","isPartOf":{"@id":"https:\/\/confluences-melodie.com\/#website"},"datePublished":"2018-04-11T13:36:29+00:00","dateModified":"2018-04-16T09:54:42+00:00","description":"Pr\u00e9sentation des compositeurs, connus ou m\u00e9connus, disparus ou contemporains pr\u00e9sent\u00e9s au programme du concert Confluence{s}","breadcrumb":{"@id":"https:\/\/confluences-melodie.com\/index.php\/es\/los-compositores\/#breadcrumb"},"inLanguage":"fr-FR","potentialAction":[{"@type":"ReadAction","target":["https:\/\/confluences-melodie.com\/index.php\/es\/los-compositores\/"]}]},{"@type":"BreadcrumbList","@id":"https:\/\/confluences-melodie.com\/index.php\/es\/los-compositores\/#breadcrumb","itemListElement":[{"@type":"ListItem","position":1,"name":"Accueil","item":"https:\/\/confluences-melodie.com\/"},{"@type":"ListItem","position":2,"name":"Los compositores"}]},{"@type":"WebSite","@id":"https:\/\/confluences-melodie.com\/#website","url":"https:\/\/confluences-melodie.com\/","name":"Confluences","description":"R\u00e9cital pour T\u00e9nor, violoncelle et piano","potentialAction":[{"@type":"SearchAction","target":{"@type":"EntryPoint","urlTemplate":"https:\/\/confluences-melodie.com\/?s={search_term_string}"},"query-input":{"@type":"PropertyValueSpecification","valueRequired":true,"valueName":"search_term_string"}}],"inLanguage":"fr-FR"}]}},"_links":{"self":[{"href":"https:\/\/confluences-melodie.com\/index.php\/wp-json\/wp\/v2\/pages\/1472"}],"collection":[{"href":"https:\/\/confluences-melodie.com\/index.php\/wp-json\/wp\/v2\/pages"}],"about":[{"href":"https:\/\/confluences-melodie.com\/index.php\/wp-json\/wp\/v2\/types\/page"}],"author":[{"embeddable":true,"href":"https:\/\/confluences-melodie.com\/index.php\/wp-json\/wp\/v2\/users\/1"}],"replies":[{"embeddable":true,"href":"https:\/\/confluences-melodie.com\/index.php\/wp-json\/wp\/v2\/comments?post=1472"}],"version-history":[{"count":3,"href":"https:\/\/confluences-melodie.com\/index.php\/wp-json\/wp\/v2\/pages\/1472\/revisions"}],"predecessor-version":[{"id":1789,"href":"https:\/\/confluences-melodie.com\/index.php\/wp-json\/wp\/v2\/pages\/1472\/revisions\/1789"}],"wp:attachment":[{"href":"https:\/\/confluences-melodie.com\/index.php\/wp-json\/wp\/v2\/media?parent=1472"}],"curies":[{"name":"wp","href":"https:\/\/api.w.org\/{rel}","templated":true}]}}