{"id":1475,"date":"2018-04-11T15:41:21","date_gmt":"2018-04-11T13:41:21","guid":{"rendered":"https:\/\/confluences-melodie.com\/?page_id=1475"},"modified":"2018-04-16T12:06:04","modified_gmt":"2018-04-16T10:06:04","slug":"los-interpretes","status":"publish","type":"page","link":"https:\/\/confluences-melodie.com\/index.php\/es\/los-interpretes\/","title":{"rendered":"Los int\u00e9rpretes"},"content":{"rendered":"<p>[et_pb_section fb_built=\u00a0\u00bb1&Prime; disabled_on=\u00a0\u00bbon|on|off\u00a0\u00bb _builder_version=\u00a0\u00bb3.0.82&Prime; background_image=\u00a0\u00bbhttps:\/\/confluences-melodie.com\/wp-content\/uploads\/2017\/11\/Retouche\u0301-5-e1509969670938.jpg\u00a0\u00bb custom_padding=\u00a0\u00bb409px|0px|0px|0px\u00a0\u00bb][et_pb_row custom_padding=\u00a0\u00bb0px|0px|135px|0px\u00a0\u00bb _builder_version=\u00a0\u00bb3.0.82&Prime;][et_pb_column type=\u00a0\u00bb4_4&Prime; _builder_version=\u00a0\u00bb3.0.47&Prime; parallax=\u00a0\u00bboff\u00a0\u00bb parallax_method=\u00a0\u00bbon\u00a0\u00bb][et_pb_divider _builder_version=\u00a0\u00bb3.0.82&Prime;]<\/p>\n<p>\u00a0<\/p>\n<p>[\/et_pb_divider][\/et_pb_column][\/et_pb_row][\/et_pb_section][et_pb_section fb_built=\u00a0\u00bb1&Prime; _builder_version=\u00a0\u00bb3.0.47&Prime; custom_padding=\u00a0\u00bb49.2344px|0px|26px|0px\u00a0\u00bb][et_pb_row custom_padding=\u00a0\u00bb0px|0px|55px|0px\u00a0\u00bb _builder_version=\u00a0\u00bb3.0.82&Prime; animation_style=\u00a0\u00bbfade\u00a0\u00bb][et_pb_column type=\u00a0\u00bb1_3&Prime; _builder_version=\u00a0\u00bb3.0.47&Prime; parallax=\u00a0\u00bboff\u00a0\u00bb parallax_method=\u00a0\u00bbon\u00a0\u00bb][et_pb_divider _builder_version=\u00a0\u00bb3.0.82&Prime;]<\/p>\n<p>\u00a0<\/p>\n<p>[\/et_pb_divider][et_pb_divider _builder_version=\u00a0\u00bb3.0.82&Prime;]<\/p>\n<p>\u00a0<\/p>\n<p>[\/et_pb_divider][et_pb_image src=\u00a0\u00bbhttps:\/\/confluences-melodie.com\/wp-content\/uploads\/2017\/10\/benjamin-alunni-confluences.png\u00a0\u00bb align=\u00a0\u00bbcenter\u00a0\u00bb _builder_version=\u00a0\u00bb3.0.82&Prime;]<\/p>\n<p>\u00a0<\/p>\n<p>[\/et_pb_image][et_pb_divider disabled_on=\u00a0\u00bbon|on|off\u00a0\u00bb _builder_version=\u00a0\u00bb3.0.82&Prime;]<\/p>\n<p>\u00a0<\/p>\n<p>[\/et_pb_divider][et_pb_divider disabled_on=\u00a0\u00bbon|on|off\u00a0\u00bb _builder_version=\u00a0\u00bb3.0.82&Prime;]<\/p>\n<p>\u00a0<\/p>\n<p>[\/et_pb_divider][\/et_pb_column][et_pb_column type=\u00a0\u00bb2_3&Prime; _builder_version=\u00a0\u00bb3.0.47&Prime; parallax=\u00a0\u00bboff\u00a0\u00bb parallax_method=\u00a0\u00bbon\u00a0\u00bb][et_pb_text _builder_version=\u00a0\u00bb3.0.82&Prime; text_orientation=\u00a0\u00bbjustified\u00a0\u00bb module_alignment=\u00a0\u00bbjustified\u00a0\u00bb]<\/p>\n<h2><span style=\"color: #910942;\"><strong>Benjamin Alunni<\/strong> <\/span><em>Tenor<\/em><\/h2>\n<p>En diciembre de 2017, Benjamin Alunni publica su primer \u00e1lbum solo con la pianista Marine Thoreau La Salle y la violonchelista Lydia Shelley del Quatuor Voce. Confluence{s} es un doble \u00e1lbum de melod\u00edas francesa de inspiraci\u00f3n jud\u00eda. Esta grabaci\u00f3n y las investigaciones que la acompa\u00f1an son llamativas por la originalidad del tema y el descubrimiento del patrimonio musical in\u00e9dito.<\/p>\n<p>Despu\u00e9s de sus estudios en el Conservatoire National Sup\u00e9rieur de Musique et Danse de Paris con Pierre Mervant y Gerda Hartman, Benjamin obtiene su Master en la Norges Musikkh\u00f8gskole de Oslo en la clase de Hak\u00e5n Hageg\u00e5rd y Svein Bj\u00f8rk\u00f8j. Asiste a la masterclass de Malcolm King, Yvonne Minton, Philippe Huttenlocher y Nathalie Stutzmann, Eric Schneider, Helmut Deutsch y forma parte del Liedforum of the Universit\u00e4t der K\u00fcnste de Berl\u00edn\u2026<\/p>\n<p>Se produce en diferentes formaciones tanto en Francia como en el extranjero. En el Th\u00e9atre Imp\u00e9rial de Compi\u00e8gne, en la Op\u00e9ra-Comique en varias ocasiones bajo la direcci\u00f3n del director francoamericano William Christie para <em>Atys<\/em> de J. B. Lully y <em>David &amp; Jonathas<\/em> de M. A. Charpentier. Tambi\u00e9n en la Op\u00e9ra de Bordeaux, en la Op\u00e9ra Royal de Versailles, Festival de Edimburgo, Bozar de Bruselas, Barcelona, Utrecht, Lincoln Center y en la BAM de Nueva York, o tambi\u00e9n en Par\u00eds en el Th\u00e9\u00e2tre des Champs Elys\u00e9es junto con Edita Gruberova\u00a0<span class=\"s1\">acompa\u00f1ada por la Orquesta Sinf\u00f3nica de Oviedo.\u00a0<\/span><\/p>\n<p>Ya tenor, canta en <em>Les Mamelles de Tir\u00e9sias<\/em> de Poulenc en el Festival d\u2019Art Lyrique d\u2019Aix-en-Provence, La Monnaie de Bruselas, la Op\u00e9ra de Nancy. En <em>Der kaiser von Atlantis<\/em> de Ullmann y <em>L\u2019Orfeo<\/em> de Monteverdi en la Op\u00e9ra de Dijon.<\/p>\n<p>Amante de la m\u00fasica contempor\u00e1nea, interpreta varias obras l\u00edricas como <em>Wonderful Deluxe<\/em> de Brice Pauset para el Th\u00e9\u00e2tres du Louxembourg y la Operadagen Rotterdam o <em>D\u00e9sarm\u00e9<\/em> de Alexandros Markeas. Realiza varios conciertos con compositores como Brian Ferneyhough y el Ensemble Namascae Lemanic Modern, bajo la direcci\u00f3n de Elena Shwartz, para la Fondation Royaumont, con quien crea una obra del compositor turco Mithatcan \u00d6cal. En el Festival d\u2019Art Lyrique d\u2019Aix-en-Provence, interpreta <em>The Sick Rose<\/em> de Samy Moussa. Colabora con Fran\u00e7ois David Moreau en composiciones destinadas a la danza contempor\u00e1nea y con Olivier M\u00e9lano en teatro contempor\u00e1neo.<\/p>\n<p>Benjamin Alunni ha recibido el Prix d\u2019Honneur de la obra de los Saints-Anges; el Prix des Amis del Festival d\u2019Aix-en-Provence.<\/p>\n<p class=\"p1\">\n<p>[\/et_pb_text][\/et_pb_column][\/et_pb_row][et_pb_row custom_padding=\u00a0\u00bb0px|0px|0px|0px\u00a0\u00bb disabled_on=\u00a0\u00bbon|on|\u00a0\u00bb _builder_version=\u00a0\u00bb3.0.82&Prime; animation_style=\u00a0\u00bbfade\u00a0\u00bb][et_pb_column type=\u00a0\u00bb2_3&Prime; _builder_version=\u00a0\u00bb3.0.47&Prime; parallax=\u00a0\u00bboff\u00a0\u00bb parallax_method=\u00a0\u00bbon\u00a0\u00bb][et_pb_text _builder_version=\u00a0\u00bb3.0.82&Prime; text_orientation=\u00a0\u00bbjustified\u00a0\u00bb module_alignment=\u00a0\u00bbjustified\u00a0\u00bb]<\/p>\n<h2><span style=\"color: #910942;\"><strong>Marine Thoreau La Salle<\/strong> <\/span><em>Pianista<\/em><\/h2>\n<p>Nacida en 1982, Marine Thoreau La Salle entra en el Conservatoire National Sup\u00e9rieur de Musique et Danse de Paris despu\u00e9s de sus estudios musicales en el CNR de Saint Maur des Foss\u00e9s en piano y acompa\u00f1amiento y de haber estudiado Letras Cl\u00e1sicas en la Sorbona: en clase de acompa\u00f1amiento vocal, asiste a clases de Lied y melod\u00eda francesa con Anne Grappotte y luego con Anne Le Bozec, Emmanuel Olivier y Jeff Cohen, y obtiene, en junio de 2007, el primer premio (DFS) con la menci\u00f3n de excelencia (TB) a la unanimidad.\u00a0 Completa m\u00e1s tarde su formaci\u00f3n con Erika Guiomar y Nathalie Dang en la clase de acompa\u00f1amiento\/Direcci\u00f3n de canto y obtiene en junio de 2009 el primer premio (DFS) menci\u00f3n de excelencia (TB) a la unanimidad con las felicitaciones del tribunal.<\/p>\n<p>Recibe igualmente los consejos de Hatmurt H\u00f6ll, Philippe Huttenlocker, Collette Zerah y Janine Reiss (difusi\u00f3n en France Musique), participa en 2006 en el Forum Europeo de Lied en Berl\u00edn, y en 2008 en la serie de masterclass \u201cEl arte del acompa\u00f1amiento vocal\u201d en el museo de Orsay en 2008 impartido por Julius Drake, Roger Vignoles y Micka\u00ebl Levinas.<\/p>\n<p>Invitada regularmente a producir recitales de piano y canto y en el seno de diversas formaciones de m\u00fasica de c\u00e1mara (Festival de Nouveaux Talents de Villers-sur-Mer, Jeunes Talents aux Archives Nationales H\u00f4tel de Soubise Paris, Centro checo de Par\u00eds, Soir\u00e9es Lyriques de Gigondas, Acad\u00e9mie Ravel \u2013Saint-Jean-de-Luz, Concerts de midi de la Sorbonne, Festival 1000 sources en Dordogne, F\u00eates musicales de Corbigny), cuenta entre sus compa\u00f1eras de trabajo con las cantantes Isabelle Germain, Pierre Mervant y J\u00e9r\u00f4me Billy, el clarinetista Philippe Cuper y los flautistas Florence Bellon y Vaslav Kunt.<\/p>\n<p>En 2009, acompa\u00f1a en recital la gira de conciertos en Medio Oriente a la soprano Isabelle Poulenard (Kuwait y Arabia Saud\u00ed) y un disco de melod\u00edas y Lieder del siglo XX sobre el tema de Asia con la soprano Li-Chin Huang, premiada por la Fondation Meyer.<\/p>\n<p>Participa en calidad de pianista de ensayos en las producciones del Th\u00e9\u00e2tre du Chatelet en Par\u00eds con <em>The sound of Music<\/em> de R. Rodgers\/Hammerstein y <em>Magdalena<\/em> de H. Villa-Lobos, colabora con diferentes \u00f3peras (Op\u00e9ra Comique, Centre de Musique Baroque de Versailles, Musica Treize, Op\u00e9ra de Rouen, Th\u00e9\u00e2tre de Bouffes du Nord, Op\u00e9ra de Bastia) y trabaja como pianista o directora de canto para proyectos musicales variados: producciones l\u00edricas (<em>La Cambiale di Matrimonio, Don Givanni, Alcina, Die Fledermaus, L\u2019Enfant et les Sortil\u00e8ges, The Rape of Lucretia, Didon et En\u00e9e, Le Pauvre Matelot, The Telephone\u2026<\/em>) y opereta (<em>Christin\u00e9, Offenbach<\/em>), creaciones contempor\u00e1neas para coros mixtos y coros de ni\u00f1os (Choeurs en Sc\u00e8ne, Choeur des Polysons-Op\u00e9ra Garnier, Th\u00e9\u00e2tre du Ch\u00e2telet-Paris, Tur\u00edn); participa adem\u00e1s en 2010 con los m\u00fasicos de la orquesta Lamoureaux en el concierto <em>Carte Blanche \u00e0 Agn\u00e8s Jaoui<\/em> en el Th\u00e9atre des Champs-Elys\u00e9es.<\/p>\n<p>Con t\u00edtulos oficiales de profesora de piano y acompa\u00f1amiento, acompa\u00f1a las clases de Peggy Bouveret y R\u00e9gis Pasquier en la Accademia Internazionale de Musica di Cagliari (Sarde\u00f1a), y las de Isabelle Germain y del director Alain Garichot en el Festiv\u2019Acad\u00e9mies d\u2019\u00e9t\u00e9 de Neuvic. Es directora de canto en el Conservatoire de Levallois desde 2004 y forma parte del CNSMD de Par\u00eds en el departamento de pedagog\u00eda de canto.<\/p>\n<p class=\"p1\">\n[\/et_pb_text][\/et_pb_column][et_pb_column type=\u00a0\u00bb1_3&Prime; _builder_version=\u00a0\u00bb3.0.47&Prime; parallax=\u00a0\u00bboff\u00a0\u00bb parallax_method=\u00a0\u00bbon\u00a0\u00bb][et_pb_divider _builder_version=\u00a0\u00bb3.0.82&Prime;]<\/p>\n<p>\u00a0<\/p>\n<p class=\"p1\">\n[\/et_pb_divider][et_pb_divider _builder_version=\u00a0\u00bb3.0.82&Prime;]<\/p>\n<p>\u00a0<\/p>\n<p class=\"p1\">\n[\/et_pb_divider][et_pb_image src=\u00a0\u00bbhttps:\/\/confluences-melodie.com\/wp-content\/uploads\/2017\/10\/artiste-confluences2.png\u00a0\u00bb align=\u00a0\u00bbcenter\u00a0\u00bb _builder_version=\u00a0\u00bb3.0.82&Prime;]<\/p>\n<p>\u00a0<\/p>\n<p class=\"p1\">\n[\/et_pb_image][et_pb_divider _builder_version=\u00a0\u00bb3.0.82&Prime;]<\/p>\n<p>\u00a0<\/p>\n<p class=\"p1\">\n[\/et_pb_divider][\/et_pb_column][\/et_pb_row][et_pb_row custom_padding=\u00a0\u00bb55px|0px|0px|0px\u00a0\u00bb _builder_version=\u00a0\u00bb3.0.82&Prime; animation_style=\u00a0\u00bbfade\u00a0\u00bb][et_pb_column type=\u00a0\u00bb1_3&Prime; _builder_version=\u00a0\u00bb3.0.47&Prime; parallax=\u00a0\u00bboff\u00a0\u00bb parallax_method=\u00a0\u00bbon\u00a0\u00bb][et_pb_divider disabled_on=\u00a0\u00bbon|on|off\u00a0\u00bb _builder_version=\u00a0\u00bb3.0.82&Prime;]<\/p>\n<p>\u00a0<\/p>\n<p class=\"p1\">\n[\/et_pb_divider][et_pb_divider disabled_on=\u00a0\u00bbon|on|off\u00a0\u00bb _builder_version=\u00a0\u00bb3.0.82&Prime;]<\/p>\n<p>\u00a0<\/p>\n<p class=\"p1\">\n[\/et_pb_divider][et_pb_image src=\u00a0\u00bbhttps:\/\/confluences-melodie.com\/wp-content\/uploads\/2017\/10\/Lydia-1.jpg\u00a0\u00bb align=\u00a0\u00bbcenter\u00a0\u00bb _builder_version=\u00a0\u00bb3.0.82&Prime;]<\/p>\n<p>\u00a0<\/p>\n<p class=\"p1\">\n[\/et_pb_image][et_pb_divider disabled_on=\u00a0\u00bbon|on|off\u00a0\u00bb _builder_version=\u00a0\u00bb3.0.82&Prime;]<\/p>\n<p>\u00a0<\/p>\n<p class=\"p1\">\n[\/et_pb_divider][\/et_pb_column][et_pb_column type=\u00a0\u00bb2_3&Prime; _builder_version=\u00a0\u00bb3.0.47&Prime; parallax=\u00a0\u00bboff\u00a0\u00bb parallax_method=\u00a0\u00bbon\u00a0\u00bb][et_pb_text _builder_version=\u00a0\u00bb3.0.82&Prime; text_orientation=\u00a0\u00bbjustified\u00a0\u00bb module_alignment=\u00a0\u00bbjustified\u00a0\u00bb]<\/p>\n<h2><span style=\"color: #b8175a;\"><span style=\"color: #910942;\"><strong>Lydia Shelley<\/strong><\/span> <\/span><em>Quartuor Voce<\/em><\/h2>\n<p class=\"m_557840355895764724gmail-p5\"><span class=\"m_557840355895764724gmail-s1\">Originaria de Londres, Lydia Shelley debuta en violonchelo a los siete a\u00f1os en la clase de Eileen Croxford. De 2002 a 2007, estudia en el Royal Northern College of Music de Manchester en la clase de Hannah Roberts, donde obtiene el primer premio \u201cBachelor of Music\u201d y un diploma de \u201cPostgraduate Studies\u201d.<span class=\"m_557840355895764724gmail-Apple-converted-space\">\u00a0<\/span><\/span><\/p>\n<p class=\"m_557840355895764724gmail-p5\"><span class=\"m_557840355895764724gmail-s1\">Amante de la m\u00fasica de c\u00e1mara, decide perfeccionarse entonces en el Royal College of Music de Londres bajo la direcci\u00f3n de Richard Lester (Trio Florestan) donde se ve recompensada en 2009 con un \u201cMasters of Music in Performance\u201d con la m\u00e1s alta distinci\u00f3n.<span class=\"m_557840355895764724gmail-Apple-converted-space\">\u00a0<\/span><\/span><\/p>\n<p class=\"m_557840355895764724gmail-p5\"><span class=\"m_557840355895764724gmail-s1\">Lydia Shelley es miembro fundador del Quatuor Finzi (2008-2013), con el cual se produce regularmente en prestigiosas salas de concierto, como la Wigmore Hall o la Queen Elizabeth Hall en Londres, o tambi\u00e9n en la Concertgebouw en Amsterdam. El Quatuor Finzi fue premiado con diferentes premios en concursos internacionales (Trondheim, Londres, Melbourne, Lugano, Royal Over Seas League).<\/span><\/p>\n<p class=\"m_557840355895764724gmail-p5\"><span class=\"m_557840355895764724gmail-s1\">M\u00fasica ecl\u00e9tica, toca igualmente en Reino Unido en el seno de conocidas orquestas de c\u00e1mara, como la Academia of St Martin in the Fieldset, la Orchestre de St John\u2019s, as\u00ed como la Orchestre de l\u2019\u00c2ge des lumi\u00e8res (Orchestra of the Age of Enlightenment), con la cual disfruta particularmente tocando instrumentos de \u00e9poca.<span class=\"m_557840355895764724gmail-Apple-converted-space\">\u00a0<\/span><\/span><\/p>\n<p class=\"m_557840355895764724gmail-p5\"><span class=\"m_557840355895764724gmail-s1\">En Francia, es invitada regularmente como violonchelo solista o co-solista en la Orchestre des Pays de Savoie, la Op\u00e9ra de Lyon y el colectivo de c\u00e1mara Les forces Majeures con quien graba <em>Une Vie de Rossini<\/em> con Karine Deshayes (mezzosoprano), que fue publicado en 2015 por Apart\u00e9.<\/span><\/p>\n<p class=\"m_557840355895764724gmail-p5\"><span class=\"m_557840355895764724gmail-s1\">Lydia Shelley es miembro del Quatuor Voce desde 2013. Esta formaci\u00f3n se produce en escenarios del mundo entero, en cuarteto y acompa\u00f1ando artistas de excepci\u00f3n, desde Yuri Bashmet a Juliane Banse. En 2013, el cuarteto fue nombrado \u00ab\u00a0Rising Stars\u00a0\u00bb por el European Chamber Hall Organisation (ECHO) y emprende una gira de concientos por las salas m\u00e1s conocidas de Europa. Durante la temporada 2014-2015, el\u00a0<a href=\"https:\/\/www.quatuorvoce.com\/\">Quatuor Voce<\/a> es invitado entre otros al Th\u00e9\u00e2tre des Champs \u00c9lys\u00e9es (Par<\/span><span style=\"font-size: 14px;\">\u00ed<\/span><span style=\"font-size: 14px;\">s), al Wigmore Hall (Londres) y al Kioi Hall (Tokyo) acompa\u00f1ando a Lise Berthaud y a<\/span><span class=\"m_557840355895764724gmail-Apple-converted-space\" style=\"font-size: 14px;\">\u00a0\u00a0<\/span><span style=\"font-size: 14px;\">Mami Hagiwara.<\/span><\/p>\n<p class=\"m_557840355895764724gmail-p5\"><span class=\"m_557840355895764724gmail-s1\">Lydia, amante de la equitaci\u00f3n y de la doma en particular, vive actualmente en Par\u00eds. Toca un violonchelo de Francis Kuttner.<\/span><\/p>\n<p class=\"p1\">\n<p>[\/et_pb_text][\/et_pb_column][\/et_pb_row][\/et_pb_section][et_pb_section fb_built=\u00a0\u00bb1&Prime; _builder_version=\u00a0\u00bb3.0.82&Prime; global_module=\u00a0\u00bb1715&Prime;][et_pb_row custom_padding=\u00a0\u00bb80px|0px|0px|0px\u00a0\u00bb _builder_version=\u00a0\u00bb3.0.47&Prime; background_size=\u00a0\u00bbinitial\u00a0\u00bb background_position=\u00a0\u00bbtop_left\u00a0\u00bb background_repeat=\u00a0\u00bbrepeat\u00a0\u00bb _i=\u00a0\u00bb0&Prime; _address=\u00a0\u00bb2.0&Prime;][et_pb_column type=\u00a0\u00bb4_4&Prime; _builder_version=\u00a0\u00bb3.0.47&Prime; parallax=\u00a0\u00bboff\u00a0\u00bb parallax_method=\u00a0\u00bbon\u00a0\u00bb][et_pb_divider color=\u00a0\u00bb#910942&Prime; show_divider=\u00a0\u00bbon\u00a0\u00bb divider_style=\u00a0\u00bbsolid\u00a0\u00bb divider_position=\u00a0\u00bbtop\u00a0\u00bb _builder_version=\u00a0\u00bb3.0.82&Prime;][\/et_pb_divider][\/et_pb_column][\/et_pb_row][et_pb_row custom_padding=\u00a0\u00bb23px|0px|0px|0px\u00a0\u00bb _builder_version=\u00a0\u00bb3.0.47&Prime; background_size=\u00a0\u00bbinitial\u00a0\u00bb background_position=\u00a0\u00bbtop_left\u00a0\u00bb background_repeat=\u00a0\u00bbrepeat\u00a0\u00bb _i=\u00a0\u00bb1&Prime; _address=\u00a0\u00bb2.1&Prime;][et_pb_column type=\u00a0\u00bb4_4&Prime; _builder_version=\u00a0\u00bb3.0.47&Prime; parallax=\u00a0\u00bboff\u00a0\u00bb parallax_method=\u00a0\u00bbon\u00a0\u00bb][et_pb_text _builder_version=\u00a0\u00bb3.0.82&Prime; text_font=\u00a0\u00bbGeorgia||||\u00a0\u00bb]<\/p>\n<h3 style=\"text-align: center;\"><span style=\"color: #910942;\"><b>Colaboradores<\/b><\/span><\/h3>\n<p>[\/et_pb_text][et_pb_image src=\u00a0\u00bbhttps:\/\/confluences-melodie.com\/wp-content\/uploads\/2017\/10\/partenaires-confluences.png\u00a0\u00bb align=\u00a0\u00bbcenter\u00a0\u00bb _builder_version=\u00a0\u00bb3.0.82&Prime; max_width=\u00a0\u00bb70%\u00a0\u00bb module_alignment=\u00a0\u00bbcenter\u00a0\u00bb][\/et_pb_image][\/et_pb_column][\/et_pb_row][\/et_pb_section]<\/p>\n","protected":false},"excerpt":{"rendered":"<p>\u00a0 \u00a0 \u00a0 \u00a0 \u00a0 \u00a0 Benjamin Alunni Tenor En diciembre de 2017, Benjamin Alunni publica su primer \u00e1lbum solo con la pianista Marine Thoreau La Salle y la violonchelista Lydia Shelley del Quatuor Voce. Confluence{s} es un doble \u00e1lbum de melod\u00edas francesa de inspiraci\u00f3n jud\u00eda. Esta grabaci\u00f3n y las investigaciones que la acompa\u00f1an son [&hellip;]<\/p>\n","protected":false},"author":1,"featured_media":0,"parent":0,"menu_order":0,"comment_status":"closed","ping_status":"closed","template":"","meta":{"_et_pb_use_builder":"on","_et_pb_old_content":"","_et_gb_content_width":"","footnotes":""},"class_list":["post-1475","page","type-page","status-publish","hentry"],"yoast_head":"<!-- This site is optimized with the Yoast SEO plugin v25.6 - https:\/\/yoast.com\/wordpress\/plugins\/seo\/ -->\n<title>Les artistes de Confluence{s} - Passionn\u00e9s de musique<\/title>\n<meta name=\"description\" content=\"Professionnels de musique et reconnus par leur pairs, Benjamin Alunni, Marine Thoreau La Salle et Lydia Shelley sont des artistes accomplis\" \/>\n<meta name=\"robots\" content=\"index, follow, max-snippet:-1, max-image-preview:large, max-video-preview:-1\" \/>\n<link rel=\"canonical\" href=\"https:\/\/confluences-melodie.com\/index.php\/es\/los-interpretes\/\" \/>\n<meta property=\"og:locale\" content=\"fr_FR\" \/>\n<meta property=\"og:type\" content=\"article\" \/>\n<meta property=\"og:title\" content=\"Les artistes de Confluence{s} - Passionn\u00e9s de musique\" \/>\n<meta property=\"og:description\" content=\"Professionnels de musique et reconnus par leur pairs, Benjamin Alunni, Marine Thoreau La Salle et Lydia Shelley sont des artistes accomplis\" \/>\n<meta property=\"og:url\" content=\"https:\/\/confluences-melodie.com\/index.php\/es\/los-interpretes\/\" \/>\n<meta property=\"og:site_name\" content=\"Confluences\" \/>\n<meta property=\"article:modified_time\" content=\"2018-04-16T10:06:04+00:00\" \/>\n<meta name=\"twitter:card\" content=\"summary_large_image\" \/>\n<meta name=\"twitter:label1\" content=\"Dur\u00e9e de lecture estim\u00e9e\" \/>\n\t<meta name=\"twitter:data1\" content=\"10 minutes\" \/>\n<script type=\"application\/ld+json\" class=\"yoast-schema-graph\">{\"@context\":\"https:\/\/schema.org\",\"@graph\":[{\"@type\":\"WebPage\",\"@id\":\"https:\/\/confluences-melodie.com\/index.php\/es\/los-interpretes\/\",\"url\":\"https:\/\/confluences-melodie.com\/index.php\/es\/los-interpretes\/\",\"name\":\"Les artistes de Confluence{s} - Passionn\u00e9s de musique\",\"isPartOf\":{\"@id\":\"https:\/\/confluences-melodie.com\/#website\"},\"datePublished\":\"2018-04-11T13:41:21+00:00\",\"dateModified\":\"2018-04-16T10:06:04+00:00\",\"description\":\"Professionnels de musique et reconnus par leur pairs, Benjamin Alunni, Marine Thoreau La Salle et Lydia Shelley sont des artistes accomplis\",\"breadcrumb\":{\"@id\":\"https:\/\/confluences-melodie.com\/index.php\/es\/los-interpretes\/#breadcrumb\"},\"inLanguage\":\"fr-FR\",\"potentialAction\":[{\"@type\":\"ReadAction\",\"target\":[\"https:\/\/confluences-melodie.com\/index.php\/es\/los-interpretes\/\"]}]},{\"@type\":\"BreadcrumbList\",\"@id\":\"https:\/\/confluences-melodie.com\/index.php\/es\/los-interpretes\/#breadcrumb\",\"itemListElement\":[{\"@type\":\"ListItem\",\"position\":1,\"name\":\"Accueil\",\"item\":\"https:\/\/confluences-melodie.com\/\"},{\"@type\":\"ListItem\",\"position\":2,\"name\":\"Los int\u00e9rpretes\"}]},{\"@type\":\"WebSite\",\"@id\":\"https:\/\/confluences-melodie.com\/#website\",\"url\":\"https:\/\/confluences-melodie.com\/\",\"name\":\"Confluences\",\"description\":\"R\u00e9cital pour T\u00e9nor, violoncelle et piano\",\"potentialAction\":[{\"@type\":\"SearchAction\",\"target\":{\"@type\":\"EntryPoint\",\"urlTemplate\":\"https:\/\/confluences-melodie.com\/?s={search_term_string}\"},\"query-input\":{\"@type\":\"PropertyValueSpecification\",\"valueRequired\":true,\"valueName\":\"search_term_string\"}}],\"inLanguage\":\"fr-FR\"}]}<\/script>\n<!-- \/ Yoast SEO plugin. -->","yoast_head_json":{"title":"Les artistes de Confluence{s} - Passionn\u00e9s de musique","description":"Professionnels de musique et reconnus par leur pairs, Benjamin Alunni, Marine Thoreau La Salle et Lydia Shelley sont des artistes accomplis","robots":{"index":"index","follow":"follow","max-snippet":"max-snippet:-1","max-image-preview":"max-image-preview:large","max-video-preview":"max-video-preview:-1"},"canonical":"https:\/\/confluences-melodie.com\/index.php\/es\/los-interpretes\/","og_locale":"fr_FR","og_type":"article","og_title":"Les artistes de Confluence{s} - Passionn\u00e9s de musique","og_description":"Professionnels de musique et reconnus par leur pairs, Benjamin Alunni, Marine Thoreau La Salle et Lydia Shelley sont des artistes accomplis","og_url":"https:\/\/confluences-melodie.com\/index.php\/es\/los-interpretes\/","og_site_name":"Confluences","article_modified_time":"2018-04-16T10:06:04+00:00","twitter_card":"summary_large_image","twitter_misc":{"Dur\u00e9e de lecture estim\u00e9e":"10 minutes"},"schema":{"@context":"https:\/\/schema.org","@graph":[{"@type":"WebPage","@id":"https:\/\/confluences-melodie.com\/index.php\/es\/los-interpretes\/","url":"https:\/\/confluences-melodie.com\/index.php\/es\/los-interpretes\/","name":"Les artistes de Confluence{s} - Passionn\u00e9s de musique","isPartOf":{"@id":"https:\/\/confluences-melodie.com\/#website"},"datePublished":"2018-04-11T13:41:21+00:00","dateModified":"2018-04-16T10:06:04+00:00","description":"Professionnels de musique et reconnus par leur pairs, Benjamin Alunni, Marine Thoreau La Salle et Lydia Shelley sont des artistes accomplis","breadcrumb":{"@id":"https:\/\/confluences-melodie.com\/index.php\/es\/los-interpretes\/#breadcrumb"},"inLanguage":"fr-FR","potentialAction":[{"@type":"ReadAction","target":["https:\/\/confluences-melodie.com\/index.php\/es\/los-interpretes\/"]}]},{"@type":"BreadcrumbList","@id":"https:\/\/confluences-melodie.com\/index.php\/es\/los-interpretes\/#breadcrumb","itemListElement":[{"@type":"ListItem","position":1,"name":"Accueil","item":"https:\/\/confluences-melodie.com\/"},{"@type":"ListItem","position":2,"name":"Los int\u00e9rpretes"}]},{"@type":"WebSite","@id":"https:\/\/confluences-melodie.com\/#website","url":"https:\/\/confluences-melodie.com\/","name":"Confluences","description":"R\u00e9cital pour T\u00e9nor, violoncelle et piano","potentialAction":[{"@type":"SearchAction","target":{"@type":"EntryPoint","urlTemplate":"https:\/\/confluences-melodie.com\/?s={search_term_string}"},"query-input":{"@type":"PropertyValueSpecification","valueRequired":true,"valueName":"search_term_string"}}],"inLanguage":"fr-FR"}]}},"_links":{"self":[{"href":"https:\/\/confluences-melodie.com\/index.php\/wp-json\/wp\/v2\/pages\/1475"}],"collection":[{"href":"https:\/\/confluences-melodie.com\/index.php\/wp-json\/wp\/v2\/pages"}],"about":[{"href":"https:\/\/confluences-melodie.com\/index.php\/wp-json\/wp\/v2\/types\/page"}],"author":[{"embeddable":true,"href":"https:\/\/confluences-melodie.com\/index.php\/wp-json\/wp\/v2\/users\/1"}],"replies":[{"embeddable":true,"href":"https:\/\/confluences-melodie.com\/index.php\/wp-json\/wp\/v2\/comments?post=1475"}],"version-history":[{"count":7,"href":"https:\/\/confluences-melodie.com\/index.php\/wp-json\/wp\/v2\/pages\/1475\/revisions"}],"predecessor-version":[{"id":1793,"href":"https:\/\/confluences-melodie.com\/index.php\/wp-json\/wp\/v2\/pages\/1475\/revisions\/1793"}],"wp:attachment":[{"href":"https:\/\/confluences-melodie.com\/index.php\/wp-json\/wp\/v2\/media?parent=1475"}],"curies":[{"name":"wp","href":"https:\/\/api.w.org\/{rel}","templated":true}]}}