{"id":1481,"date":"2018-04-11T15:46:34","date_gmt":"2018-04-11T13:46:34","guid":{"rendered":"https:\/\/confluences-melodie.com\/?page_id=1481"},"modified":"2018-05-22T15:49:17","modified_gmt":"2018-05-22T13:49:17","slug":"prensa","status":"publish","type":"page","link":"https:\/\/confluences-melodie.com\/index.php\/es\/prensa\/","title":{"rendered":"Prensa"},"content":{"rendered":"<p>[et_pb_section fb_built=\u00a0\u00bb1&Prime; disabled_on=\u00a0\u00bbon|on|off\u00a0\u00bb _builder_version=\u00a0\u00bb3.0.82&Prime; background_image=\u00a0\u00bbhttps:\/\/confluences-melodie.com\/wp-content\/uploads\/2017\/11\/Benjamin-Marine-et-Lydia-suite-6-1.jpg\u00a0\u00bb][et_pb_row _builder_version=\u00a0\u00bb3.0.47&Prime; background_size=\u00a0\u00bbinitial\u00a0\u00bb background_position=\u00a0\u00bbtop_left\u00a0\u00bb background_repeat=\u00a0\u00bbrepeat\u00a0\u00bb _i=\u00a0\u00bb0&Prime; _address=\u00a0\u00bb0.0&Prime;][et_pb_column type=\u00a0\u00bb4_4&Prime; _builder_version=\u00a0\u00bb3.0.47&Prime; parallax=\u00a0\u00bboff\u00a0\u00bb parallax_method=\u00a0\u00bbon\u00a0\u00bb][et_pb_divider height=\u00a0\u00bb300px\u00a0\u00bb _builder_version=\u00a0\u00bb3.0.82&Prime;]<\/p>\n<p>\u00a0<\/p>\n<p>[\/et_pb_divider][et_pb_divider height=\u00a0\u00bb50&Prime; _builder_version=\u00a0\u00bb3.0.82&Prime;]<\/p>\n<p>\u00a0<\/p>\n<p>[\/et_pb_divider][\/et_pb_column][\/et_pb_row][\/et_pb_section][et_pb_section fb_built=\u00a0\u00bb1&Prime; fullwidth=\u00a0\u00bbon\u00a0\u00bb _builder_version=\u00a0\u00bb3.0.82&Prime;][et_pb_fullwidth_image src=\u00a0\u00bbhttps:\/\/confluences-melodie.com\/wp-content\/uploads\/2017\/11\/Benjamin-Marine-et-Lydia-suite-6-1.jpg\u00a0\u00bb disabled_on=\u00a0\u00bboff|off|on\u00a0\u00bb _builder_version=\u00a0\u00bb3.0.82&Prime;]<\/p>\n<p>\u00a0<\/p>\n<p>[\/et_pb_fullwidth_image][\/et_pb_section][et_pb_section fb_built=\u00a0\u00bb1&Prime; _builder_version=\u00a0\u00bb3.0.82&Prime; custom_margin=\u00a0\u00bb-50px|||\u00a0\u00bb custom_padding=\u00a0\u00bb0px|0px|0px|0px\u00a0\u00bb][et_pb_row custom_margin=\u00a0\u00bb-10%|||\u00a0\u00bb _builder_version=\u00a0\u00bb3.0.82&Prime;][et_pb_column type=\u00a0\u00bb4_4&Prime; _builder_version=\u00a0\u00bb3.0.47&Prime; parallax=\u00a0\u00bboff\u00a0\u00bb parallax_method=\u00a0\u00bbon\u00a0\u00bb][et_pb_blog fullwidth=\u00a0\u00bboff\u00a0\u00bb posts_number=\u00a0\u00bb20&Prime; meta_date=\u00a0\u00bbj M, Y\u00a0\u00bb show_more=\u00a0\u00bbon\u00a0\u00bb show_author=\u00a0\u00bboff\u00a0\u00bb show_date=\u00a0\u00bboff\u00a0\u00bb show_categories=\u00a0\u00bboff\u00a0\u00bb show_pagination=\u00a0\u00bboff\u00a0\u00bb offset_number=\u00a0\u00bb0&Prime; use_overlay=\u00a0\u00bbon\u00a0\u00bb use_dropshadow=\u00a0\u00bbon\u00a0\u00bb _builder_version=\u00a0\u00bb3.0.82&Prime; body_font_size=\u00a0\u00bb1px\u00a0\u00bb pagination_font_size_tablet=\u00a0\u00bb51&Prime; pagination_line_height_tablet=\u00a0\u00bb2&Prime; custom_css_featured_image=\u00a0\u00bb.et_pb_image_container img, .et_pb_post a img {|| max-width: 40%;|| vertical-align: bottom;|| text-align: center;|| float: left;|| margin-right: 4%;||}\u00a0\u00bb]<\/p>\n<p>\u00a0<\/p>\n<p>[\/et_pb_blog][\/et_pb_column][\/et_pb_row][\/et_pb_section][et_pb_section fb_built=\u00a0\u00bb1&Prime; _builder_version=\u00a0\u00bb3.0.82&Prime; global_module=\u00a0\u00bb1715&Prime;][et_pb_row custom_padding=\u00a0\u00bb0px|0px|0px|0px\u00a0\u00bb _builder_version=\u00a0\u00bb3.0.47&Prime; background_size=\u00a0\u00bbinitial\u00a0\u00bb background_position=\u00a0\u00bbtop_left\u00a0\u00bb background_repeat=\u00a0\u00bbrepeat\u00a0\u00bb _i=\u00a0\u00bb0&Prime; _address=\u00a0\u00bb3.0&Prime;][et_pb_column type=\u00a0\u00bb4_4&Prime; _builder_version=\u00a0\u00bb3.0.47&Prime; parallax=\u00a0\u00bboff\u00a0\u00bb parallax_method=\u00a0\u00bbon\u00a0\u00bb][et_pb_divider color=\u00a0\u00bb#910942&Prime; show_divider=\u00a0\u00bbon\u00a0\u00bb divider_style=\u00a0\u00bbsolid\u00a0\u00bb divider_position=\u00a0\u00bbtop\u00a0\u00bb _builder_version=\u00a0\u00bb3.0.82&Prime;][\/et_pb_divider][\/et_pb_column][\/et_pb_row][et_pb_row custom_padding=\u00a0\u00bb23px|0px|0px|0px\u00a0\u00bb _builder_version=\u00a0\u00bb3.0.47&Prime; background_size=\u00a0\u00bbinitial\u00a0\u00bb background_position=\u00a0\u00bbtop_left\u00a0\u00bb background_repeat=\u00a0\u00bbrepeat\u00a0\u00bb _i=\u00a0\u00bb1&Prime; _address=\u00a0\u00bb3.1&Prime;][et_pb_column type=\u00a0\u00bb4_4&Prime; _builder_version=\u00a0\u00bb3.0.47&Prime; parallax=\u00a0\u00bboff\u00a0\u00bb parallax_method=\u00a0\u00bbon\u00a0\u00bb][et_pb_text _builder_version=\u00a0\u00bb3.0.82&Prime; text_font=\u00a0\u00bbGeorgia||||\u00a0\u00bb]<\/p>\n<h3 style=\"text-align: center;\"><span style=\"color: #910942;\"><b>Colaboradores<\/b><\/span><\/h3>\n<p>[\/et_pb_text][et_pb_image src=\u00a0\u00bbhttps:\/\/confluences-melodie.com\/wp-content\/uploads\/2017\/10\/partenaires-confluences.png\u00a0\u00bb align=\u00a0\u00bbcenter\u00a0\u00bb _builder_version=\u00a0\u00bb3.0.82&Prime; max_width=\u00a0\u00bb70%\u00a0\u00bb module_alignment=\u00a0\u00bbcenter\u00a0\u00bb][\/et_pb_image][\/et_pb_column][\/et_pb_row][\/et_pb_section]<\/p>\n","protected":false},"excerpt":{"rendered":"<p>\u00a0 \u00a0 \u00a0 \u00a0 Colaboradores<\/p>\n","protected":false},"author":1,"featured_media":0,"parent":0,"menu_order":0,"comment_status":"closed","ping_status":"closed","template":"","meta":{"_et_pb_use_builder":"on","_et_pb_old_content":"","_et_gb_content_width":"","footnotes":""},"class_list":["post-1481","page","type-page","status-publish","hentry"],"yoast_head":"<!-- This site is optimized with the Yoast SEO plugin v25.6 - https:\/\/yoast.com\/wordpress\/plugins\/seo\/ -->\n<title>Informations et actualit\u00e9s li\u00e9es au projet Confluence{s}<\/title>\n<meta name=\"description\" content=\"Toutes les actualit\u00e9s et informations li\u00e9es au projet Confluence{s} : articles de presse, interviews, repr\u00e9sentations, dossier de presse...\" \/>\n<meta name=\"robots\" content=\"index, follow, max-snippet:-1, max-image-preview:large, max-video-preview:-1\" \/>\n<link rel=\"canonical\" href=\"https:\/\/confluences-melodie.com\/index.php\/es\/prensa\/\" \/>\n<meta property=\"og:locale\" content=\"fr_FR\" \/>\n<meta property=\"og:type\" content=\"article\" \/>\n<meta property=\"og:title\" content=\"Informations et actualit\u00e9s li\u00e9es au projet Confluence{s}\" \/>\n<meta property=\"og:description\" content=\"Toutes les actualit\u00e9s et informations li\u00e9es au projet Confluence{s} : articles de presse, interviews, repr\u00e9sentations, dossier de presse...\" \/>\n<meta property=\"og:url\" content=\"https:\/\/confluences-melodie.com\/index.php\/es\/prensa\/\" \/>\n<meta property=\"og:site_name\" content=\"Confluences\" \/>\n<meta property=\"article:modified_time\" content=\"2018-05-22T13:49:17+00:00\" \/>\n<meta name=\"twitter:card\" content=\"summary_large_image\" \/>\n<meta name=\"twitter:label1\" content=\"Dur\u00e9e de lecture estim\u00e9e\" \/>\n\t<meta name=\"twitter:data1\" content=\"2 minutes\" \/>\n<script type=\"application\/ld+json\" class=\"yoast-schema-graph\">{\"@context\":\"https:\/\/schema.org\",\"@graph\":[{\"@type\":\"WebPage\",\"@id\":\"https:\/\/confluences-melodie.com\/index.php\/es\/prensa\/\",\"url\":\"https:\/\/confluences-melodie.com\/index.php\/es\/prensa\/\",\"name\":\"Informations et actualit\u00e9s li\u00e9es au projet Confluence{s}\",\"isPartOf\":{\"@id\":\"https:\/\/confluences-melodie.com\/#website\"},\"datePublished\":\"2018-04-11T13:46:34+00:00\",\"dateModified\":\"2018-05-22T13:49:17+00:00\",\"description\":\"Toutes les actualit\u00e9s et informations li\u00e9es au projet Confluence{s} : articles de presse, interviews, repr\u00e9sentations, dossier de presse...\",\"breadcrumb\":{\"@id\":\"https:\/\/confluences-melodie.com\/index.php\/es\/prensa\/#breadcrumb\"},\"inLanguage\":\"fr-FR\",\"potentialAction\":[{\"@type\":\"ReadAction\",\"target\":[\"https:\/\/confluences-melodie.com\/index.php\/es\/prensa\/\"]}]},{\"@type\":\"BreadcrumbList\",\"@id\":\"https:\/\/confluences-melodie.com\/index.php\/es\/prensa\/#breadcrumb\",\"itemListElement\":[{\"@type\":\"ListItem\",\"position\":1,\"name\":\"Accueil\",\"item\":\"https:\/\/confluences-melodie.com\/\"},{\"@type\":\"ListItem\",\"position\":2,\"name\":\"Prensa\"}]},{\"@type\":\"WebSite\",\"@id\":\"https:\/\/confluences-melodie.com\/#website\",\"url\":\"https:\/\/confluences-melodie.com\/\",\"name\":\"Confluences\",\"description\":\"R\u00e9cital pour T\u00e9nor, violoncelle et piano\",\"potentialAction\":[{\"@type\":\"SearchAction\",\"target\":{\"@type\":\"EntryPoint\",\"urlTemplate\":\"https:\/\/confluences-melodie.com\/?s={search_term_string}\"},\"query-input\":{\"@type\":\"PropertyValueSpecification\",\"valueRequired\":true,\"valueName\":\"search_term_string\"}}],\"inLanguage\":\"fr-FR\"}]}<\/script>\n<!-- \/ Yoast SEO plugin. -->","yoast_head_json":{"title":"Informations et actualit\u00e9s li\u00e9es au projet Confluence{s}","description":"Toutes les actualit\u00e9s et informations li\u00e9es au projet Confluence{s} : articles de presse, interviews, repr\u00e9sentations, dossier de presse...","robots":{"index":"index","follow":"follow","max-snippet":"max-snippet:-1","max-image-preview":"max-image-preview:large","max-video-preview":"max-video-preview:-1"},"canonical":"https:\/\/confluences-melodie.com\/index.php\/es\/prensa\/","og_locale":"fr_FR","og_type":"article","og_title":"Informations et actualit\u00e9s li\u00e9es au projet Confluence{s}","og_description":"Toutes les actualit\u00e9s et informations li\u00e9es au projet Confluence{s} : articles de presse, interviews, repr\u00e9sentations, dossier de presse...","og_url":"https:\/\/confluences-melodie.com\/index.php\/es\/prensa\/","og_site_name":"Confluences","article_modified_time":"2018-05-22T13:49:17+00:00","twitter_card":"summary_large_image","twitter_misc":{"Dur\u00e9e de lecture estim\u00e9e":"2 minutes"},"schema":{"@context":"https:\/\/schema.org","@graph":[{"@type":"WebPage","@id":"https:\/\/confluences-melodie.com\/index.php\/es\/prensa\/","url":"https:\/\/confluences-melodie.com\/index.php\/es\/prensa\/","name":"Informations et actualit\u00e9s li\u00e9es au projet Confluence{s}","isPartOf":{"@id":"https:\/\/confluences-melodie.com\/#website"},"datePublished":"2018-04-11T13:46:34+00:00","dateModified":"2018-05-22T13:49:17+00:00","description":"Toutes les actualit\u00e9s et informations li\u00e9es au projet Confluence{s} : articles de presse, interviews, repr\u00e9sentations, dossier de presse...","breadcrumb":{"@id":"https:\/\/confluences-melodie.com\/index.php\/es\/prensa\/#breadcrumb"},"inLanguage":"fr-FR","potentialAction":[{"@type":"ReadAction","target":["https:\/\/confluences-melodie.com\/index.php\/es\/prensa\/"]}]},{"@type":"BreadcrumbList","@id":"https:\/\/confluences-melodie.com\/index.php\/es\/prensa\/#breadcrumb","itemListElement":[{"@type":"ListItem","position":1,"name":"Accueil","item":"https:\/\/confluences-melodie.com\/"},{"@type":"ListItem","position":2,"name":"Prensa"}]},{"@type":"WebSite","@id":"https:\/\/confluences-melodie.com\/#website","url":"https:\/\/confluences-melodie.com\/","name":"Confluences","description":"R\u00e9cital pour T\u00e9nor, violoncelle et piano","potentialAction":[{"@type":"SearchAction","target":{"@type":"EntryPoint","urlTemplate":"https:\/\/confluences-melodie.com\/?s={search_term_string}"},"query-input":{"@type":"PropertyValueSpecification","valueRequired":true,"valueName":"search_term_string"}}],"inLanguage":"fr-FR"}]}},"_links":{"self":[{"href":"https:\/\/confluences-melodie.com\/index.php\/wp-json\/wp\/v2\/pages\/1481"}],"collection":[{"href":"https:\/\/confluences-melodie.com\/index.php\/wp-json\/wp\/v2\/pages"}],"about":[{"href":"https:\/\/confluences-melodie.com\/index.php\/wp-json\/wp\/v2\/types\/page"}],"author":[{"embeddable":true,"href":"https:\/\/confluences-melodie.com\/index.php\/wp-json\/wp\/v2\/users\/1"}],"replies":[{"embeddable":true,"href":"https:\/\/confluences-melodie.com\/index.php\/wp-json\/wp\/v2\/comments?post=1481"}],"version-history":[{"count":6,"href":"https:\/\/confluences-melodie.com\/index.php\/wp-json\/wp\/v2\/pages\/1481\/revisions"}],"predecessor-version":[{"id":1940,"href":"https:\/\/confluences-melodie.com\/index.php\/wp-json\/wp\/v2\/pages\/1481\/revisions\/1940"}],"wp:attachment":[{"href":"https:\/\/confluences-melodie.com\/index.php\/wp-json\/wp\/v2\/media?parent=1481"}],"curies":[{"name":"wp","href":"https:\/\/api.w.org\/{rel}","templated":true}]}}