{"id":48,"date":"2017-10-18T15:27:09","date_gmt":"2017-10-18T13:27:09","guid":{"rendered":"https:\/\/confluences-melodie.com\/?page_id=48"},"modified":"2018-04-16T15:57:34","modified_gmt":"2018-04-16T13:57:34","slug":"les-artistes-musique","status":"publish","type":"page","link":"https:\/\/confluences-melodie.com\/index.php\/les-artistes-musique\/","title":{"rendered":"Les artistes"},"content":{"rendered":"<p>[et_pb_section fb_built=\u00a0\u00bb1&Prime; disabled_on=\u00a0\u00bbon|on|off\u00a0\u00bb _builder_version=\u00a0\u00bb3.0.82&Prime; background_image=\u00a0\u00bbhttps:\/\/confluences-melodie.com\/wp-content\/uploads\/2017\/11\/Retouche\u0301-5-e1509969670938.jpg\u00a0\u00bb custom_padding=\u00a0\u00bb409px|0px|0px|0px\u00a0\u00bb][et_pb_row custom_padding=\u00a0\u00bb0px|0px|135px|0px\u00a0\u00bb _builder_version=\u00a0\u00bb3.0.82&Prime;][et_pb_column type=\u00a0\u00bb4_4&Prime; _builder_version=\u00a0\u00bb3.0.47&Prime; parallax=\u00a0\u00bboff\u00a0\u00bb parallax_method=\u00a0\u00bbon\u00a0\u00bb][et_pb_divider _builder_version=\u00a0\u00bb3.0.82&Prime;]<br \/>\n[\/et_pb_divider][\/et_pb_column][\/et_pb_row][\/et_pb_section][et_pb_section fb_built=\u00a0\u00bb1&Prime; _builder_version=\u00a0\u00bb3.0.47&Prime; custom_padding=\u00a0\u00bb49.2344px|0px|26px|0px\u00a0\u00bb][et_pb_row custom_padding=\u00a0\u00bb0px|0px|55px|0px\u00a0\u00bb _builder_version=\u00a0\u00bb3.0.82&Prime; animation_style=\u00a0\u00bbfade\u00a0\u00bb][et_pb_column type=\u00a0\u00bb1_3&Prime; _builder_version=\u00a0\u00bb3.0.47&Prime; parallax=\u00a0\u00bboff\u00a0\u00bb parallax_method=\u00a0\u00bbon\u00a0\u00bb][et_pb_divider _builder_version=\u00a0\u00bb3.0.82&Prime;]<br \/>\n[\/et_pb_divider][et_pb_divider _builder_version=\u00a0\u00bb3.0.82&Prime;]<br \/>\n[\/et_pb_divider][et_pb_image src=\u00a0\u00bbhttps:\/\/confluences-melodie.com\/wp-content\/uploads\/2017\/10\/benjamin-alunni-confluences.png\u00a0\u00bb align=\u00a0\u00bbcenter\u00a0\u00bb _builder_version=\u00a0\u00bb3.0.82&Prime;]<br \/>\n[\/et_pb_image][et_pb_divider disabled_on=\u00a0\u00bbon|on|off\u00a0\u00bb _builder_version=\u00a0\u00bb3.0.82&Prime;]<br \/>\n[\/et_pb_divider][et_pb_divider disabled_on=\u00a0\u00bbon|on|off\u00a0\u00bb _builder_version=\u00a0\u00bb3.0.82&Prime;]<br \/>\n[\/et_pb_divider][\/et_pb_column][et_pb_column type=\u00a0\u00bb2_3&Prime; _builder_version=\u00a0\u00bb3.0.47&Prime; parallax=\u00a0\u00bboff\u00a0\u00bb parallax_method=\u00a0\u00bbon\u00a0\u00bb][et_pb_text _builder_version=\u00a0\u00bb3.0.82&Prime; text_orientation=\u00a0\u00bbjustified\u00a0\u00bb module_alignment=\u00a0\u00bbjustified\u00a0\u00bb]<\/p>\n<h2><span style=\"color: #910942;\"><strong>Benjamin Alunni<\/strong> <\/span><em>T\u00e9nor<\/em><\/h2>\n<p class=\"p1\">En d\u00e9cembre 2017, Benjamin Alunni fait para\u00eetre son premier album solo au cot\u00e9 de la pianiste Marine Thoreau la Salle et la violoncelliste Lydia Shelley du Quatuor Voce. Confluence{s} est un double album de m\u00e9lodies fran\u00e7aises d\u2019inspirations juives. Cet enregistrement et les recherches qui l\u2019accompagnent sont remarqu\u00e9s pour l\u2019originalit\u00e9 du th\u00e8me et l\u2019exhumation d\u2019un patrimoine musical in\u00e9dit.<\/p>\n<p class=\"p1\">Apr\u00e8s ses \u00e9tudes au Conservatoire National Sup\u00e9rieur de Musique et de Danse de Paris aupr\u00e8s de Pierre Mervant et Gerda Hartman, Benjamin obtient son Master \u00e0 la Norges Musikkh\u00f8gskole d\u2019Oslo dans la classe de Hak\u00e5n Hageg\u00e5rd et Svein Bj\u00f8rk\u00f8j. Il suit les master classes de Malcolm King, Yvonne Minton, Philippe Huttenlocher, Nathalie Stutzmann, Eric Schneider, Helmut Deutsch et prend part au Liedforum de l\u2019Universit\u00e4t der K\u00fcnste in Berlin.<\/p>\n<p class=\"p1\">Il se produit dans diff\u00e9rentes formations en France comme \u00e0 l\u2019\u00e9tranger avec Skip Semp\u00e9, Rapha\u00ebl Pichon ou Benjamin Lazare pour le r\u00e9pertoire baroque. Au Th\u00e9\u00e2tre Imp\u00e9rial de Compi\u00e8gne sous la direction de Christophe Rousset, \u00e0 l\u2019Op\u00e9ra Comique \u00e0 plusieurs reprises avec le chef franco-am\u00e9ricain William Christie et Les Arts Florissants pour <i>Atys<\/i> de J.B. Lully et <i>David &#038; Jonathas <\/i>de M.A. Charpentier. \u00c9galement \u00e0 l\u2019Op\u00e9ra de Bordeaux, Op\u00e9ra Royal de Versailles, Festival d\u2019Edinburgh, Bozar de Bruxelles, Barcelone, Utrecht, Lincoln Center et \u00e0 la BAM de New-York, ou encore \u00e0 Paris au Th\u00e9\u00e2tre des Champs Elys\u00e9es au c\u00f4t\u00e9 d\u2019Edita Gruberova\u2026<\/p>\n<p class=\"p1\">Devenu t\u00e9nor, il chante dans <i>Les Mamelles de Tir\u00e9sias<\/i> de Poulenc au Festival d&rsquo;Art Lyrique d\u2019Aix-en-Provence, La Monnaie de Bruxelles et l&rsquo;Op\u00e9ra de Nancy. Dans <i>Der Kaiser von Atlantis<\/i> de Ullmann et <i>L\u2019Orfeo<\/i> de Monteverdi \u00e0 l\u2019Op\u00e9ra de Dijon. <i>Le Stabat Mater<\/i> de Haydn au Festival de La Chaise Dieu et \u00e0 l&rsquo;Auditorium de Lyon au cot\u00e9 de l&rsquo;Orchestre des Pays de Savoie.<\/p>\n<p class=\"p1\">Passionn\u00e9 de musique contemporaine, il cr\u00e9e plusieurs oeuvres lyriques comme <i>Wonderful Deluxe<\/i> de Brice Pauset pour les Th\u00e9\u00e2tres du Luxembourg et Operadagen Rotterdam, ou encore <i>D\u00e9sarm\u00e9s<\/i> d\u2019Alexandros Markeas. Au concert c&rsquo;est aux c\u00f4t\u00e9s du compositeur Brian Ferneyhough et l\u2019Ensemble Namascae Lemanic Modern sous la direction d\u2019Elena Shwartz qu&rsquo;il cr\u00e9e une \u0153uvre du compositeur turc Mithatcan \u00d6cal (Fondation Fondation Royaumont) ; au Festival d\u2019Art Lyrique d\u2019Aix-en-Provence <i>The Sick Rose<\/i> de Samy Moussa. Il collabore avec Fran\u00e7ois David Moreau pour des compositions destin\u00e9es \u00e0 la danse contemporaine et Olivier M\u00e9lano pour le th\u00e9\u00e2tre contemporain.<\/p>\n<p class=\"p1\">Entre 2012 et 2017 il collabore avec le chor\u00e9graphe Thomas Lebrun \u00e0 deux pi\u00e8ces chor\u00e9graphiques. Tout d\u2019abord <i>La Jeune fille et la Mort<\/i> aux c\u00f4t\u00e9s du Quatuor Voce, cr\u00e9\u00e9e au Th\u00e9\u00e2tre National de Chaillot, qui remporte un fort succ\u00e8s, puis <i>Lied Ballet<\/i>, autour de Lieder de Gustav Malheur et la Seconde Ecole de Vienne, cr\u00e9\u00e9 au Festival d\u2019Avignon et en tourn\u00e9e en Asie.<\/p>\n<p class=\"p1\">Benjamin Alunni a re\u00e7u le Prix d\u2019Honneur de l\u2019\u0153uvre des Saints-Anges ; le Prix des amis du Festival d\u2019Aix-en-Provence.<\/p>\n<p>[\/et_pb_text][\/et_pb_column][\/et_pb_row][et_pb_row custom_padding=\u00a0\u00bb0px|0px|0px|0px\u00a0\u00bb disabled_on=\u00a0\u00bbon|on|\u00a0\u00bb _builder_version=\u00a0\u00bb3.0.82&Prime; animation_style=\u00a0\u00bbfade\u00a0\u00bb][et_pb_column type=\u00a0\u00bb2_3&Prime; _builder_version=\u00a0\u00bb3.0.47&Prime; parallax=\u00a0\u00bboff\u00a0\u00bb parallax_method=\u00a0\u00bbon\u00a0\u00bb][et_pb_text _builder_version=\u00a0\u00bb3.0.82&Prime; text_orientation=\u00a0\u00bbjustified\u00a0\u00bb module_alignment=\u00a0\u00bbjustified\u00a0\u00bb]<\/p>\n<h2><span style=\"color: #910942;\"><strong>Marine Thoreau La Salle<\/strong> <\/span><em>Pianiste<\/em><\/h2>\n<p class=\"p1\">Marine Thoreau La Salle se forme au Conservatoire National Sup\u00e9rieur de Musique et de Danse de Paris (CNSMDP). Elle y re\u00e7oit l\u2019enseignement en Lied et m\u00e9lodie fran\u00e7aise d\u2019Anne Grappotte puis d\u2019Anne Le Bozec, Emmanuel Olivier et Jeff Cohen, et obtient en juin 2007 un 1er Prix avec mention tr\u00e8s bien \u00e0 l\u2019unanimit\u00e9. Elle compl\u00e8te ensuite sa formation en classe de chef de chant aupr\u00e8s d\u2019Erika Guiomar et Nathalie Dang et obtient en juin 2009 la plus haute distinction. Elle re\u00e7oit \u00e9galement les conseils d\u2019Hartmut H\u00f6ll, Susan Manoff, Janine Reiss, et participe en 2006 au Forum Europ\u00e9en du Lied \u00e0 Berlin, et en 2008 \u00e0 la s\u00e9rie de masterclass \u00abL\u2019Art de l\u2019Accompagnement Vocal \u00bb donn\u00e9e au Mus\u00e9e d\u2019Orsay par Julius Drake, Roger Vignoles et Micka\u00ebl Levinas.<\/p>\n<p class=\"p1\">Marine Thoreau La Salle est r\u00e9guli\u00e8rement invit\u00e9e \u00e0 se produire en r\u00e9cital piano-chant et au sein de diverses formations de musique de chambre (Op\u00e9ra Comique-Paris, Jeunes Talents aux Archives Nationales- H\u00f4tel de Soubise Paris, Centre tch\u00e8que-Paris, Festival des Nouveaux Talents-Villers-sur-Mer, Soir\u00e9es Lyriques de Gigondas, Acad\u00e9mie Ravel &#8211; Saint-Jean-de-Luz, Concerts de midi de la Sorbonne, Festival 1000 sources en Dordogne, Semaine du Son, Sc\u00e8ne nationale de Dunkerque&#8230;).<\/p>\n<p class=\"p1\"> En 2009, elle accompagne la tourn\u00e9e de r\u00e9citals au Moyen-Orient de la soprano Isabelle Poulenard et enregistre un disque de m\u00e9lodies et Lieder du XXe si\u00e8cle sur le th\u00e8me de l\u2019Asie avec la soprano ta\u00efwanaise Li-Chin Huang. En 2010, elle enregistre sur France Culture aux c\u00f4t\u00e9s de la contralto Marie-Nicole Lemieux et se produit au Th\u00e9\u00e2tre des Champs-Elys\u00e9es avec les musiciens de l\u2019Orchestre Lamoureux lors du concert \u00ab Carte blanche \u00e0 Agn\u00e8s Jaoui \u00bb.<\/p>\n<p class=\"p1\">En 2013, on l\u2019entend sur France Musique aux c\u00f4t\u00e9s de la mezzo-soprano Marie Lenormand.<\/p>\n<p>Marine Thoreau La Salle travaille aussi en qualit\u00e9 de chef de chant, elle \u00a0participe \u00e0 de nombreuses productions au Th\u00e9\u00e2tre de l\u2019Op\u00e9ra Comique de Paris, au Grand th\u00e9\u00e2tre de Gen\u00e8ve, au Th\u00e9\u00e2tre du Ch\u00e2telet, Th\u00e9\u00e2tre des Champs-Elys\u00e9es etc. Depuis 2012, elle est pianiste-chef de chant au Th\u00e9\u00e2tre National de l\u2019Op\u00e9ra Comique \u00e0 Paris et encadre au quotidien les chanteurs de l\u2019Acad\u00e9mie. Elle participe dans ce cadre \u00e0 des s\u00e9ries de r\u00e9citals au Foyer du Th\u00e9\u00e2tre et Salle Favart, prend part aux productions et assure la pr\u00e9paration et l\u2019accompagnement des masterclass de Christiane Eda-Pierre.<\/p>\n<p> Marine Thoreau La Salle est r\u00e9guli\u00e8rement sollicit\u00e9e par des chanteurs solistes de premier plan dans leur processus d\u2019\u00e9tude de r\u00f4les.<\/p>\n<p>[\/et_pb_text][\/et_pb_column][et_pb_column type=\u00a0\u00bb1_3&Prime; _builder_version=\u00a0\u00bb3.0.47&Prime; parallax=\u00a0\u00bboff\u00a0\u00bb parallax_method=\u00a0\u00bbon\u00a0\u00bb][et_pb_divider _builder_version=\u00a0\u00bb3.0.82&Prime;]<br \/>\n[\/et_pb_divider][et_pb_divider _builder_version=\u00a0\u00bb3.0.82&Prime;]<br \/>\n[\/et_pb_divider][et_pb_image src=\u00a0\u00bbhttps:\/\/confluences-melodie.com\/wp-content\/uploads\/2017\/10\/artiste-confluences2.png\u00a0\u00bb align=\u00a0\u00bbcenter\u00a0\u00bb _builder_version=\u00a0\u00bb3.0.82&Prime;]<br \/>\n[\/et_pb_image][et_pb_divider _builder_version=\u00a0\u00bb3.0.82&Prime;]<br \/>\n[\/et_pb_divider][\/et_pb_column][\/et_pb_row][et_pb_row custom_padding=\u00a0\u00bb55px|0px|0px|0px\u00a0\u00bb _builder_version=\u00a0\u00bb3.0.82&Prime; animation_style=\u00a0\u00bbfade\u00a0\u00bb][et_pb_column type=\u00a0\u00bb1_3&Prime; _builder_version=\u00a0\u00bb3.0.47&Prime; parallax=\u00a0\u00bboff\u00a0\u00bb parallax_method=\u00a0\u00bbon\u00a0\u00bb][et_pb_divider disabled_on=\u00a0\u00bbon|on|off\u00a0\u00bb _builder_version=\u00a0\u00bb3.0.82&Prime;]<br \/>\n[\/et_pb_divider][et_pb_divider disabled_on=\u00a0\u00bbon|on|off\u00a0\u00bb _builder_version=\u00a0\u00bb3.0.82&Prime;]<br \/>\n[\/et_pb_divider][et_pb_image src=\u00a0\u00bbhttps:\/\/confluences-melodie.com\/wp-content\/uploads\/2017\/10\/Lydia-1.jpg\u00a0\u00bb align=\u00a0\u00bbcenter\u00a0\u00bb _builder_version=\u00a0\u00bb3.0.82&Prime;]<br \/>\n[\/et_pb_image][et_pb_divider disabled_on=\u00a0\u00bbon|on|off\u00a0\u00bb _builder_version=\u00a0\u00bb3.0.82&Prime;]<br \/>\n[\/et_pb_divider][\/et_pb_column][et_pb_column type=\u00a0\u00bb2_3&Prime; _builder_version=\u00a0\u00bb3.0.47&Prime; parallax=\u00a0\u00bboff\u00a0\u00bb parallax_method=\u00a0\u00bbon\u00a0\u00bb][et_pb_text _builder_version=\u00a0\u00bb3.0.82&Prime; text_orientation=\u00a0\u00bbjustified\u00a0\u00bb module_alignment=\u00a0\u00bbjustified\u00a0\u00bb]<\/p>\n<h2><span style=\"color: #b8175a;\"><span style=\"color: #910942;\"><strong>Lydia Shelley<\/strong><\/span> <\/span><em>Violoncelliste<\/em><\/h2>\n<p class=\"p1\">Originaire de Londres, Lydia Shelley d\u00e9bute le violoncelle \u00e0 l\u2019\u00e2ge de sept ans dans la classe de Eileen Croxford. De 2002 \u00e0 2007, elle \u00e9tudie au Royal Northern College of Music de Manchester dans la classe de Hannah Roberts, o\u00f9 elle obtient le 1er prix \u00ab Bachelor of Music \u00bb et un dipl\u00f4me de \u00ab Postgraduate Studies \u00bb. Passionn\u00e9e de musique de chambre, elle d\u00e9cide alors de se perfectionner au Royal College of Music de Londres sous la direction de Richard Lester (Trio Florestan) o\u00f9 elle se voit r\u00e9compens\u00e9e en 2009 d&rsquo;un \u00ab Masters of Music in Performance \u00bb avec la plus haute mention.<\/p>\n<p>Lydia Shelley est membre fondateur du Quatuor Finzi (2008-2013), avec lequel elle se produit r\u00e9guli\u00e8rement dans des salles de concert \u00a0prestigieuses, comme le Wigmore Hall ou le Queen Elizabeth Hall \u00e0 Londres, ou encore le Concertgebouw \u00e0 Amsterdam. Le Quatuor Finzi est laur\u00e9at de plusieurs prix de concours internationaux (Trondheim, Londres, Melbourne, Lugano, Royal Over Seas League).<\/p>\n<p class=\"p1\">Musicienne \u00e9clectique, elle joue \u00e9galement au Royaume-Uni au sein d&rsquo;orchestres de chambre renomm\u00e9s, tels que l&rsquo;Academy of St Martin in the Fields \u00a0et l&rsquo;Orchestre de St John\u2019s, ainsi qu&rsquo;\u00e0 l&rsquo;Orchestre de l&rsquo;Age des Lumi\u00e8res (Orchestra of the Age of Enlightenment), avec lequel elle prend particuli\u00e8rement plaisir \u00e0 donner des interpr\u00e9tations sur instrument d&rsquo;\u00e9poque.<br \/>\nEn France, elle est invit\u00e9e r\u00e9guli\u00e8rement en tant que violoncelle soliste ou co-soliste \u00e0 L\u2019Orchestre des Pays de Savoie et \u00e0 l\u2019Op\u00e9ra de Lyon, et se produit en 2013 sur France Musique.<\/p>\n<p>Lydia Shelley est membre du Quatuor Voce depuis 2013. Cette formation se produit sur les sc\u00e8nes du monde entier, en quatuor et aux c\u00f4t\u00e9s d\u2019artistes d&rsquo;exception, de Yuri Bashmet \u00e0 Juliane Banse. En 2013, le quatuor est nomm\u00e9 \u00ab\u00a0Rising Stars\u00a0\u00bb par l\u2019European Chamber Hall Organisation (ECHO) et entreprend une tourn\u00e9e de concerts dans les salles les plus en vue d&rsquo;Europe. Pour la saison 2014-2015, le\u00a0<span class=\"s1\"><a href=\"https:\/\/www.quatuorvoce.com\/\">Quatuor Voce<\/a><\/span>\u00a0est notamment l&rsquo;invit\u00e9 du Th\u00e9\u00e2tre des Champs \u00c9lys\u00e9es (Paris), du Wigmore Hall (Londres) et du Kioi Hall (Tokyo) aux c\u00f4t\u00e9s de Lise Berthaud et Mami Hagiwara.<\/p>\n<p>[\/et_pb_text][\/et_pb_column][\/et_pb_row][\/et_pb_section][et_pb_section fb_built=\u00a0\u00bb1&Prime; _builder_version=\u00a0\u00bb3.0.82&Prime; custom_padding=\u00a0\u00bb0px|0px|0px|0px\u00a0\u00bb global_module=\u00a0\u00bb293&Prime;][\/et_pb_section][et_pb_section fb_built=\u00a0\u00bb1&Prime; _builder_version=\u00a0\u00bb3.0.82&Prime; custom_padding=\u00a0\u00bb0px|0px|46.9062px|0px\u00a0\u00bb global_module=\u00a0\u00bb1907&Prime;][et_pb_row custom_padding=\u00a0\u00bb27px|0px|70.375px|0px\u00a0\u00bb _builder_version=\u00a0\u00bb3.0.82&Prime;][et_pb_column type=\u00a0\u00bb4_4&Prime; _builder_version=\u00a0\u00bb3.0.82&Prime; parallax=\u00a0\u00bboff\u00a0\u00bb parallax_method=\u00a0\u00bbon\u00a0\u00bb][et_pb_divider color=\u00a0\u00bb#910942&Prime; show_divider=\u00a0\u00bbon\u00a0\u00bb divider_style=\u00a0\u00bbsolid\u00a0\u00bb divider_position=\u00a0\u00bbtop\u00a0\u00bb _builder_version=\u00a0\u00bb3.0.82&Prime;][\/et_pb_divider][et_pb_text _builder_version=\u00a0\u00bb3.0.82&Prime; text_font=\u00a0\u00bbGeorgia||||\u00a0\u00bb]<\/p>\n<h3 style=\"text-align: center;\"><span style=\"color: #910942;\"><b>Partenaires<\/b><\/span><\/h3>\n<p>[\/et_pb_text][et_pb_image src=\u00a0\u00bbhttps:\/\/confluences-melodie.com\/wp-content\/uploads\/2017\/10\/partenaires-confluences.png\u00a0\u00bb align=\u00a0\u00bbcenter\u00a0\u00bb _builder_version=\u00a0\u00bb3.0.82&Prime; max_width=\u00a0\u00bb70%\u00a0\u00bb module_alignment=\u00a0\u00bbcenter\u00a0\u00bb][\/et_pb_image][\/et_pb_column][\/et_pb_row][\/et_pb_section]<\/p>\n","protected":false},"excerpt":{"rendered":"<p>Professionnels de musique et reconnus par leur pairs, Benjamin Alunni, Marine Thoreau La Salle et Lydia Shelley sont des artistes accomplis<\/p>\n","protected":false},"author":1,"featured_media":0,"parent":0,"menu_order":0,"comment_status":"closed","ping_status":"closed","template":"","meta":{"_et_pb_use_builder":"on","_et_pb_old_content":"","_et_gb_content_width":"","footnotes":""},"class_list":["post-48","page","type-page","status-publish","hentry"],"yoast_head":"<!-- This site is optimized with the Yoast SEO plugin v25.6 - https:\/\/yoast.com\/wordpress\/plugins\/seo\/ -->\n<title>Les artistes de Confluence{s} - Passionn\u00e9s de musique<\/title>\n<meta name=\"description\" content=\"Professionnels de musique et reconnus par leur pairs, Benjamin Alunni, Marine Thoreau La Salle et Lydia Shelley sont des artistes accomplis\" \/>\n<meta name=\"robots\" content=\"index, follow, max-snippet:-1, max-image-preview:large, max-video-preview:-1\" \/>\n<link rel=\"canonical\" href=\"https:\/\/confluences-melodie.com\/index.php\/les-artistes-musique\/\" \/>\n<meta property=\"og:locale\" content=\"fr_FR\" \/>\n<meta property=\"og:type\" content=\"article\" \/>\n<meta property=\"og:title\" content=\"Les artistes de Confluence{s} - Passionn\u00e9s de musique\" \/>\n<meta property=\"og:description\" content=\"Professionnels de musique et reconnus par leur pairs, Benjamin Alunni, Marine Thoreau La Salle et Lydia Shelley sont des artistes accomplis\" \/>\n<meta property=\"og:url\" content=\"https:\/\/confluences-melodie.com\/index.php\/les-artistes-musique\/\" \/>\n<meta property=\"og:site_name\" content=\"Confluences\" \/>\n<meta property=\"article:modified_time\" content=\"2018-04-16T13:57:34+00:00\" \/>\n<meta name=\"twitter:card\" content=\"summary_large_image\" \/>\n<meta name=\"twitter:label1\" content=\"Dur\u00e9e de lecture estim\u00e9e\" \/>\n\t<meta name=\"twitter:data1\" content=\"9 minutes\" \/>\n<script type=\"application\/ld+json\" class=\"yoast-schema-graph\">{\"@context\":\"https:\/\/schema.org\",\"@graph\":[{\"@type\":\"WebPage\",\"@id\":\"https:\/\/confluences-melodie.com\/index.php\/les-artistes-musique\/\",\"url\":\"https:\/\/confluences-melodie.com\/index.php\/les-artistes-musique\/\",\"name\":\"Les artistes de Confluence{s} - Passionn\u00e9s de musique\",\"isPartOf\":{\"@id\":\"https:\/\/confluences-melodie.com\/#website\"},\"datePublished\":\"2017-10-18T13:27:09+00:00\",\"dateModified\":\"2018-04-16T13:57:34+00:00\",\"description\":\"Professionnels de musique et reconnus par leur pairs, Benjamin Alunni, Marine Thoreau La Salle et Lydia Shelley sont des artistes accomplis\",\"breadcrumb\":{\"@id\":\"https:\/\/confluences-melodie.com\/index.php\/les-artistes-musique\/#breadcrumb\"},\"inLanguage\":\"fr-FR\",\"potentialAction\":[{\"@type\":\"ReadAction\",\"target\":[\"https:\/\/confluences-melodie.com\/index.php\/les-artistes-musique\/\"]}]},{\"@type\":\"BreadcrumbList\",\"@id\":\"https:\/\/confluences-melodie.com\/index.php\/les-artistes-musique\/#breadcrumb\",\"itemListElement\":[{\"@type\":\"ListItem\",\"position\":1,\"name\":\"Accueil\",\"item\":\"https:\/\/confluences-melodie.com\/\"},{\"@type\":\"ListItem\",\"position\":2,\"name\":\"Les artistes\"}]},{\"@type\":\"WebSite\",\"@id\":\"https:\/\/confluences-melodie.com\/#website\",\"url\":\"https:\/\/confluences-melodie.com\/\",\"name\":\"Confluences\",\"description\":\"R\u00e9cital pour T\u00e9nor, violoncelle et piano\",\"potentialAction\":[{\"@type\":\"SearchAction\",\"target\":{\"@type\":\"EntryPoint\",\"urlTemplate\":\"https:\/\/confluences-melodie.com\/?s={search_term_string}\"},\"query-input\":{\"@type\":\"PropertyValueSpecification\",\"valueRequired\":true,\"valueName\":\"search_term_string\"}}],\"inLanguage\":\"fr-FR\"}]}<\/script>\n<!-- \/ Yoast SEO plugin. -->","yoast_head_json":{"title":"Les artistes de Confluence{s} - Passionn\u00e9s de musique","description":"Professionnels de musique et reconnus par leur pairs, Benjamin Alunni, Marine Thoreau La Salle et Lydia Shelley sont des artistes accomplis","robots":{"index":"index","follow":"follow","max-snippet":"max-snippet:-1","max-image-preview":"max-image-preview:large","max-video-preview":"max-video-preview:-1"},"canonical":"https:\/\/confluences-melodie.com\/index.php\/les-artistes-musique\/","og_locale":"fr_FR","og_type":"article","og_title":"Les artistes de Confluence{s} - Passionn\u00e9s de musique","og_description":"Professionnels de musique et reconnus par leur pairs, Benjamin Alunni, Marine Thoreau La Salle et Lydia Shelley sont des artistes accomplis","og_url":"https:\/\/confluences-melodie.com\/index.php\/les-artistes-musique\/","og_site_name":"Confluences","article_modified_time":"2018-04-16T13:57:34+00:00","twitter_card":"summary_large_image","twitter_misc":{"Dur\u00e9e de lecture estim\u00e9e":"9 minutes"},"schema":{"@context":"https:\/\/schema.org","@graph":[{"@type":"WebPage","@id":"https:\/\/confluences-melodie.com\/index.php\/les-artistes-musique\/","url":"https:\/\/confluences-melodie.com\/index.php\/les-artistes-musique\/","name":"Les artistes de Confluence{s} - Passionn\u00e9s de musique","isPartOf":{"@id":"https:\/\/confluences-melodie.com\/#website"},"datePublished":"2017-10-18T13:27:09+00:00","dateModified":"2018-04-16T13:57:34+00:00","description":"Professionnels de musique et reconnus par leur pairs, Benjamin Alunni, Marine Thoreau La Salle et Lydia Shelley sont des artistes accomplis","breadcrumb":{"@id":"https:\/\/confluences-melodie.com\/index.php\/les-artistes-musique\/#breadcrumb"},"inLanguage":"fr-FR","potentialAction":[{"@type":"ReadAction","target":["https:\/\/confluences-melodie.com\/index.php\/les-artistes-musique\/"]}]},{"@type":"BreadcrumbList","@id":"https:\/\/confluences-melodie.com\/index.php\/les-artistes-musique\/#breadcrumb","itemListElement":[{"@type":"ListItem","position":1,"name":"Accueil","item":"https:\/\/confluences-melodie.com\/"},{"@type":"ListItem","position":2,"name":"Les artistes"}]},{"@type":"WebSite","@id":"https:\/\/confluences-melodie.com\/#website","url":"https:\/\/confluences-melodie.com\/","name":"Confluences","description":"R\u00e9cital pour T\u00e9nor, violoncelle et piano","potentialAction":[{"@type":"SearchAction","target":{"@type":"EntryPoint","urlTemplate":"https:\/\/confluences-melodie.com\/?s={search_term_string}"},"query-input":{"@type":"PropertyValueSpecification","valueRequired":true,"valueName":"search_term_string"}}],"inLanguage":"fr-FR"}]}},"_links":{"self":[{"href":"https:\/\/confluences-melodie.com\/index.php\/wp-json\/wp\/v2\/pages\/48"}],"collection":[{"href":"https:\/\/confluences-melodie.com\/index.php\/wp-json\/wp\/v2\/pages"}],"about":[{"href":"https:\/\/confluences-melodie.com\/index.php\/wp-json\/wp\/v2\/types\/page"}],"author":[{"embeddable":true,"href":"https:\/\/confluences-melodie.com\/index.php\/wp-json\/wp\/v2\/users\/1"}],"replies":[{"embeddable":true,"href":"https:\/\/confluences-melodie.com\/index.php\/wp-json\/wp\/v2\/comments?post=48"}],"version-history":[{"count":46,"href":"https:\/\/confluences-melodie.com\/index.php\/wp-json\/wp\/v2\/pages\/48\/revisions"}],"predecessor-version":[{"id":1912,"href":"https:\/\/confluences-melodie.com\/index.php\/wp-json\/wp\/v2\/pages\/48\/revisions\/1912"}],"wp:attachment":[{"href":"https:\/\/confluences-melodie.com\/index.php\/wp-json\/wp\/v2\/media?parent=48"}],"curies":[{"name":"wp","href":"https:\/\/api.w.org\/{rel}","templated":true}]}}