{"id":52,"date":"2017-10-18T15:27:35","date_gmt":"2017-10-18T13:27:35","guid":{"rendered":"https:\/\/confluences-melodie.com\/?page_id=52"},"modified":"2018-04-16T15:57:04","modified_gmt":"2018-04-16T13:57:04","slug":"les-oeuvres-et-compositeurs","status":"publish","type":"page","link":"https:\/\/confluences-melodie.com\/index.php\/les-oeuvres-et-compositeurs\/","title":{"rendered":"Les compositeurs"},"content":{"rendered":"<p>[et_pb_section fb_built=\u00a0\u00bb1&Prime; _builder_version=\u00a0\u00bb3.0.47&Prime;][et_pb_row custom_padding=\u00a0\u00bb0px|0px|0px|0px\u00a0\u00bb _builder_version=\u00a0\u00bb3.0.82&Prime;][et_pb_column type=\u00a0\u00bb4_4&Prime; _builder_version=\u00a0\u00bb3.0.47&Prime; parallax=\u00a0\u00bboff\u00a0\u00bb parallax_method=\u00a0\u00bbon\u00a0\u00bb][et_pb_text _builder_version=\u00a0\u00bb3.0.82&Prime;]<\/p>\n<h1 style=\"text-align: center;\"><span style=\"color: #910942;\">Les compositeurs<\/span><\/h1>\n<p>[\/et_pb_text][\/et_pb_column][\/et_pb_row][et_pb_row make_fullwidth=\u00a0\u00bbon\u00a0\u00bb custom_padding=\u00a0\u00bb44px|0px|20px|0px\u00a0\u00bb _builder_version=\u00a0\u00bb3.0.82&Prime; background_size=\u00a0\u00bbinitial\u00a0\u00bb background_position=\u00a0\u00bbtop_left\u00a0\u00bb background_repeat=\u00a0\u00bbrepeat\u00a0\u00bb][et_pb_column type=\u00a0\u00bb1_4&Prime; _builder_version=\u00a0\u00bb3.0.47&Prime; parallax=\u00a0\u00bboff\u00a0\u00bb parallax_method=\u00a0\u00bbon\u00a0\u00bb][et_pb_text _builder_version=\u00a0\u00bb3.0.82&Prime; text_orientation=\u00a0\u00bbjustified\u00a0\u00bb module_alignment=\u00a0\u00bbjustified\u00a0\u00bb]<\/p>\n<p><span style=\"font-size: small;\"><strong>Les compositeurs connus<\/strong><\/span><\/p>\n<p><span style=\"font-size: small;\">Maurice RAVEL (1875-1937)<\/span><br \/>\n<span style=\"font-size: small;\"> Darius MILHAUD (1892-1974)<\/span><br \/>\n<span style=\"font-size: small;\"> Arthur HONEGGER (1892-1955)<\/span><\/p>\n<p>[\/et_pb_text][\/et_pb_column][et_pb_column type=\u00a0\u00bb1_4&Prime; _builder_version=\u00a0\u00bb3.0.47&Prime; parallax=\u00a0\u00bboff\u00a0\u00bb parallax_method=\u00a0\u00bbon\u00a0\u00bb][et_pb_text _builder_version=\u00a0\u00bb3.0.82&Prime; text_orientation=\u00a0\u00bbjustified\u00a0\u00bb module_alignment=\u00a0\u00bbjustified\u00a0\u00bb]<\/p>\n<p><span style=\"font-size: small;\"><strong>Les compositeurs rares<\/strong><\/span><\/p>\n<p><span style=\"font-size: small;\">L\u00e9on ALGAZI (1890-1971)<\/span><br \/>\n<span style=\"font-size: small;\"> Louis AUBERT (1877-1968)<\/span><br \/>\n<span style=\"font-size: small;\"> Manuel ROSENTHAL (1904-2003)<\/span><br \/>\n<span style=\"font-size: small;\"> Alexandre TANSMAN (1897-1986)<\/span><\/p>\n<p>[\/et_pb_text][\/et_pb_column][et_pb_column type=\u00a0\u00bb1_4&Prime; _builder_version=\u00a0\u00bb3.0.47&Prime; parallax=\u00a0\u00bboff\u00a0\u00bb parallax_method=\u00a0\u00bbon\u00a0\u00bb][et_pb_text _builder_version=\u00a0\u00bb3.0.82&Prime; text_orientation=\u00a0\u00bbjustified\u00a0\u00bb module_alignment=\u00a0\u00bbjustified\u00a0\u00bb]<\/p>\n<p><span style=\"font-size: small;\"><strong>Les compositeurs retrouv\u00e9s<\/strong><\/span><\/p>\n<p><span style=\"font-size: small;\">Vladimir DYCK (1882-1943)<\/span><br \/>\n<span style=\"font-size: small;\"> Paul MARTINEAU (1890-1915)<\/span><br \/>\n<span style=\"font-size: small;\"> Louis SAGUER (1907-1991)<\/span><\/p>\n<p>[\/et_pb_text][\/et_pb_column][et_pb_column type=\u00a0\u00bb1_4&Prime; _builder_version=\u00a0\u00bb3.0.47&Prime; parallax=\u00a0\u00bboff\u00a0\u00bb parallax_method=\u00a0\u00bbon\u00a0\u00bb][et_pb_text _builder_version=\u00a0\u00bb3.0.82&Prime; text_orientation=\u00a0\u00bbjustified\u00a0\u00bb module_alignment=\u00a0\u00bbjustified\u00a0\u00bb]<\/p>\n<p><span style=\"font-size: small;\"><strong>Les compositeurs\u00a0<\/strong><strong>d\u2019aujourd\u2019hui<\/strong><\/span><\/p>\n<p><span style=\"font-size: small;\">Graciane FINZI (1945)<\/span><br \/>\n<span style=\"font-size: small;\"> Nicolas BACRI (1961)<\/span><br \/>\n<span style=\"font-size: small;\"> Vincent BOUCHOT (1966)<\/span><\/p>\n<p>[\/et_pb_text][\/et_pb_column][\/et_pb_row][et_pb_row custom_padding=\u00a0\u00bb0px|0px|0px|0px\u00a0\u00bb _builder_version=\u00a0\u00bb3.0.82&Prime;][et_pb_column type=\u00a0\u00bb4_4&Prime; _builder_version=\u00a0\u00bb3.0.47&Prime; parallax=\u00a0\u00bboff\u00a0\u00bb parallax_method=\u00a0\u00bbon\u00a0\u00bb][et_pb_image src=\u00a0\u00bbhttps:\/\/confluences-melodie.com\/wp-content\/uploads\/2017\/10\/Carte-compositeurs-1.jpg\u00a0\u00bb _builder_version=\u00a0\u00bb3.0.82&Prime; max_width=\u00a0\u00bb85%\u00a0\u00bb module_alignment=\u00a0\u00bbcenter\u00a0\u00bb animation_style=\u00a0\u00bbfade\u00a0\u00bb animation_duration=\u00a0\u00bb1350ms\u00a0\u00bb]<br \/>\n[\/et_pb_image][\/et_pb_column][\/et_pb_row][et_pb_row custom_padding=\u00a0\u00bb0px|0px|0px|0px\u00a0\u00bb _builder_version=\u00a0\u00bb3.0.47&Prime; background_size=\u00a0\u00bbinitial\u00a0\u00bb background_position=\u00a0\u00bbtop_left\u00a0\u00bb background_repeat=\u00a0\u00bbrepeat\u00a0\u00bb _i=\u00a0\u00bb3&Prime; _address=\u00a0\u00bb0.3&Prime;][et_pb_column type=\u00a0\u00bb4_4&Prime; _builder_version=\u00a0\u00bb3.0.47&Prime; parallax=\u00a0\u00bboff\u00a0\u00bb parallax_method=\u00a0\u00bbon\u00a0\u00bb][et_pb_text _builder_version=\u00a0\u00bb3.0.82&Prime;]<\/p>\n<p style=\"text-align: right;\"><span style=\"color: #333333;\">\u00a9 Matthieu Fayette\u00a0<\/span><\/p>\n<p>[\/et_pb_text][\/et_pb_column][\/et_pb_row][et_pb_row custom_padding=\u00a0\u00bb13px|0px|0px|0px\u00a0\u00bb _builder_version=\u00a0\u00bb3.0.47&Prime; background_size=\u00a0\u00bbinitial\u00a0\u00bb background_position=\u00a0\u00bbtop_left\u00a0\u00bb background_repeat=\u00a0\u00bbrepeat\u00a0\u00bb _i=\u00a0\u00bb4&Prime; _address=\u00a0\u00bb0.4&Prime;][et_pb_column type=\u00a0\u00bb4_4&Prime; _builder_version=\u00a0\u00bb3.0.47&Prime; parallax=\u00a0\u00bboff\u00a0\u00bb parallax_method=\u00a0\u00bbon\u00a0\u00bb][et_pb_text _builder_version=\u00a0\u00bb3.0.82&Prime;]<\/p>\n<h2 style=\"text-align: center;\"><span style=\"color: #910942;\">Trois compositrices au programme<\/span><\/h2>\n<p>[\/et_pb_text][\/et_pb_column][\/et_pb_row][et_pb_row custom_padding=\u00a0\u00bb49px|0px|0px|0px\u00a0\u00bb _builder_version=\u00a0\u00bb3.0.82&Prime; background_size=\u00a0\u00bbinitial\u00a0\u00bb background_position=\u00a0\u00bbtop_left\u00a0\u00bb background_repeat=\u00a0\u00bbrepeat\u00a0\u00bb][et_pb_column type=\u00a0\u00bb1_3&Prime; _builder_version=\u00a0\u00bb3.0.47&Prime; parallax=\u00a0\u00bboff\u00a0\u00bb parallax_method=\u00a0\u00bbon\u00a0\u00bb][et_pb_image src=\u00a0\u00bbhttps:\/\/confluences-melodie.com\/wp-content\/uploads\/2017\/10\/833-9-e1508861944674.jpg\u00a0\u00bb align=\u00a0\u00bbcenter\u00a0\u00bb _builder_version=\u00a0\u00bb3.0.82&Prime;]<br \/>\n[\/et_pb_image][et_pb_text _builder_version=\u00a0\u00bb3.0.82&Prime; text_orientation=\u00a0\u00bbjustified\u00a0\u00bb module_alignment=\u00a0\u00bbjustified\u00a0\u00bb]<\/p>\n<p style=\"text-align: center;\"><span style=\"color: #910942;\"><strong>Elsa Barraine<\/strong>\u00a0<\/span><\/p>\n<p class=\"p1\"><span class=\"s1\">Disciple de Paul Dukas, Elsa Barraine est premier Prix de Rome \u00e0 l\u2019\u00e2ge de 19 ans. Directrice de l\u2019orchestre National de 1944 \u00e0 1946, elle terminera sa carri\u00e8re comme inspectrice des th\u00e9\u00e2tres lyriques nationaux sous la tutelle du Minist\u00e8re de la Culture. Femme juive, engag\u00e9e, communiste et r\u00e9sistante, elle participe \u00e0 la cr\u00e9ation du Front National des Musiciens ayant pour but d\u2019emp\u00eacher la collaboration des musiciens. C\u2019est elle qui, gr\u00e2ce \u00e0 son r\u00e9seau de r\u00e9sistants, pourra obtenir des \u00ab vrais-faux \u00bb papiers \u00e0 son ami et compositeur Louis Saguer, dont le vrai nom est Ludwig Wolfgang Simoni. Ont retenus mon attention les <i>Trois chansons enfantines<\/i> sur des textes en h\u00e9breu de Ha\u00efm Nahman Bialik. Egalement les <i>Quatre m\u00e9lodies h\u00e9bra\u00efques<\/i> en fran\u00e7ais, \u00e0 mi-chemin entre la m\u00e9lodie fran\u00e7aise et la chanson de cabaret.<\/span><\/p>\n<p>[\/et_pb_text][\/et_pb_column][et_pb_column type=\u00a0\u00bb1_3&Prime; _builder_version=\u00a0\u00bb3.0.47&Prime; parallax=\u00a0\u00bboff\u00a0\u00bb parallax_method=\u00a0\u00bbon\u00a0\u00bb][et_pb_image src=\u00a0\u00bbhttps:\/\/confluences-melodie.com\/wp-content\/uploads\/2017\/10\/250px-Verdina-Shlonsky_0002-e1508922789403.jpg\u00a0\u00bb align=\u00a0\u00bbcenter\u00a0\u00bb _builder_version=\u00a0\u00bb3.0.82&Prime; max_width=\u00a0\u00bb76%\u00a0\u00bb custom_margin=\u00a0\u00bb|||\u00a0\u00bb custom_padding=\u00a0\u00bb|||\u00a0\u00bb]<br \/>\n[\/et_pb_image][et_pb_text _builder_version=\u00a0\u00bb3.0.82&Prime; text_orientation=\u00a0\u00bbjustified\u00a0\u00bb module_alignment=\u00a0\u00bbjustified\u00a0\u00bb]<\/p>\n<p style=\"text-align: center;\"><span style=\"color: #910942;\"><strong>Verdina Schlonsky<\/strong>\u00a0<\/span><\/p>\n<p>Un talent oubli\u00e9. Pianiste dou\u00e9e et disciple de Nadia Boulanger au Conservatoire de Paris, elle remporte en 1930 le Prix musical de l\u2019Aide aux femmes de professions lib\u00e9rales. Ce prix, \u00e9tonnant pour l\u2019\u00e9poque, fut remport\u00e9 avec sa m\u00e9lodie <em>Po\u00e8me h\u00e9bra\u00efque<\/em> sur un texte de son fr\u00e8re, le grand po\u00e8te Abraham Schlonsky.\u00a0<span class=\"s1\">Cette \u0153uvre a attir\u00e9 toute mon attention; elle est la quatri\u00e8me du recueil <i>Images Palestiniennes<\/i> qui en comprend six.\u00a0<\/span>Elles sont chant\u00e9es originalement en h\u00e9breu mais poss\u00e8dent, pour chacune d\u2019elles, une version fran\u00e7aise. Verdina Schlonsky peut-\u00eatre consid\u00e9r\u00e9e comme la premi\u00e8re femme compositeur isra\u00e9lienne, malheureusement oubli\u00e9e.<\/p>\n<p>[\/et_pb_text][\/et_pb_column][et_pb_column type=\u00a0\u00bb1_3&Prime; _builder_version=\u00a0\u00bb3.0.47&Prime; parallax=\u00a0\u00bboff\u00a0\u00bb parallax_method=\u00a0\u00bbon\u00a0\u00bb][et_pb_image src=\u00a0\u00bbhttps:\/\/confluences-melodie.com\/wp-content\/uploads\/2017\/10\/arton56072.jpg\u00a0\u00bb align=\u00a0\u00bbcenter\u00a0\u00bb _builder_version=\u00a0\u00bb3.0.82&Prime; max_width=\u00a0\u00bb98%\u00a0\u00bb]<br \/>\n[\/et_pb_image][et_pb_text _builder_version=\u00a0\u00bb3.0.82&Prime; text_orientation=\u00a0\u00bbjustified\u00a0\u00bb module_alignment=\u00a0\u00bbjustified\u00a0\u00bb]<\/p>\n<p style=\"text-align: center;\"><span style=\"color: #910942;\"><strong>Graciane Finzi<\/strong>\u00a0<\/span><\/p>\n<p>Voici ses propres mots en introduction de son Kaddish : \u00ab Il n&rsquo;est rien de plus profond et \u00e9mouvant pour un compositeur que d&rsquo;\u00e9crire une musique sur un texte sacr\u00e9, se permettre d&rsquo;\u00e9crire des sons sur des mots qui ont un sens infini, de savoir rester dans une atmosph\u00e8re de recueillement intrins\u00e8quement li\u00e9e \u00e0 la liturgie en utilisant la voix, le piano et le violoncelle qui seront au service de ce texte. Mais comme toute musique \u00e9crite sur des textes religieux, ce Kaddish, comme celui de Ravel, doit pouvoir aussi \u00eatre jou\u00e9 dans un contexte profane, une salle de concert ou tout autre lieu non sacr\u00e9. Il a d&rsquo;ailleurs \u00e9t\u00e9 donn\u00e9 en 2013 par son cr\u00e9ateur, Abdellah Lasri, au Festival d&rsquo;Essaouira au Maroc ; Kaddish qu\u2019il a cr\u00e9\u00e9 \u00e0 Paris en 2009 \u00bb.<\/p>\n<p>[\/et_pb_text][\/et_pb_column][\/et_pb_row][\/et_pb_section][et_pb_section fb_built=\u00a0\u00bb1&Prime; _builder_version=\u00a0\u00bb3.0.82&Prime; custom_padding=\u00a0\u00bb0px|0px|0px|0px\u00a0\u00bb global_module=\u00a0\u00bb293&Prime;][\/et_pb_section][et_pb_section fb_built=\u00a0\u00bb1&Prime; _builder_version=\u00a0\u00bb3.0.82&Prime; custom_padding=\u00a0\u00bb0px|0px|46.9062px|0px\u00a0\u00bb global_module=\u00a0\u00bb1907&Prime;][et_pb_row custom_padding=\u00a0\u00bb27px|0px|70.375px|0px\u00a0\u00bb _builder_version=\u00a0\u00bb3.0.82&Prime;][et_pb_column type=\u00a0\u00bb4_4&Prime; _builder_version=\u00a0\u00bb3.0.82&Prime; parallax=\u00a0\u00bboff\u00a0\u00bb parallax_method=\u00a0\u00bbon\u00a0\u00bb][et_pb_divider color=\u00a0\u00bb#910942&Prime; show_divider=\u00a0\u00bbon\u00a0\u00bb divider_style=\u00a0\u00bbsolid\u00a0\u00bb divider_position=\u00a0\u00bbtop\u00a0\u00bb _builder_version=\u00a0\u00bb3.0.82&Prime;][\/et_pb_divider][et_pb_text _builder_version=\u00a0\u00bb3.0.82&Prime; text_font=\u00a0\u00bbGeorgia||||\u00a0\u00bb]<\/p>\n<h3 style=\"text-align: center;\"><span style=\"color: #910942;\"><b>Partenaires<\/b><\/span><\/h3>\n<p>[\/et_pb_text][et_pb_image src=\u00a0\u00bbhttps:\/\/confluences-melodie.com\/wp-content\/uploads\/2017\/10\/partenaires-confluences.png\u00a0\u00bb align=\u00a0\u00bbcenter\u00a0\u00bb _builder_version=\u00a0\u00bb3.0.82&Prime; max_width=\u00a0\u00bb70%\u00a0\u00bb module_alignment=\u00a0\u00bbcenter\u00a0\u00bb][\/et_pb_image][\/et_pb_column][\/et_pb_row][\/et_pb_section]<\/p>\n","protected":false},"excerpt":{"rendered":"<p>Pr\u00e9sentation des compositeurs, connus ou m\u00e9connus, disparus ou contemporains pr\u00e9sent\u00e9s au programme du concert Confluence{s}<\/p>\n","protected":false},"author":1,"featured_media":0,"parent":0,"menu_order":0,"comment_status":"closed","ping_status":"closed","template":"","meta":{"_et_pb_use_builder":"on","_et_pb_old_content":"","_et_gb_content_width":"","footnotes":""},"class_list":["post-52","page","type-page","status-publish","hentry"],"yoast_head":"<!-- This site is optimized with the Yoast SEO plugin v25.6 - https:\/\/yoast.com\/wordpress\/plugins\/seo\/ -->\n<title>Les compositeurs au programme du concert Confluence{s}<\/title>\n<meta name=\"description\" content=\"Pr\u00e9sentation des compositeurs, connus ou m\u00e9connus, disparus ou contemporains pr\u00e9sent\u00e9s au programme du concert Confluence{s}\" \/>\n<meta name=\"robots\" content=\"index, follow, max-snippet:-1, max-image-preview:large, max-video-preview:-1\" \/>\n<link rel=\"canonical\" href=\"https:\/\/confluences-melodie.com\/index.php\/les-oeuvres-et-compositeurs\/\" \/>\n<meta property=\"og:locale\" content=\"fr_FR\" \/>\n<meta property=\"og:type\" content=\"article\" \/>\n<meta property=\"og:title\" content=\"Les compositeurs au programme du concert Confluence{s}\" \/>\n<meta property=\"og:description\" content=\"Pr\u00e9sentation des compositeurs, connus ou m\u00e9connus, disparus ou contemporains pr\u00e9sent\u00e9s au programme du concert Confluence{s}\" \/>\n<meta property=\"og:url\" content=\"https:\/\/confluences-melodie.com\/index.php\/les-oeuvres-et-compositeurs\/\" \/>\n<meta property=\"og:site_name\" content=\"Confluences\" \/>\n<meta property=\"article:modified_time\" content=\"2018-04-16T13:57:04+00:00\" \/>\n<meta name=\"twitter:card\" content=\"summary_large_image\" \/>\n<meta name=\"twitter:label1\" content=\"Dur\u00e9e de lecture estim\u00e9e\" \/>\n\t<meta name=\"twitter:data1\" content=\"5 minutes\" \/>\n<script type=\"application\/ld+json\" class=\"yoast-schema-graph\">{\"@context\":\"https:\/\/schema.org\",\"@graph\":[{\"@type\":\"WebPage\",\"@id\":\"https:\/\/confluences-melodie.com\/index.php\/les-oeuvres-et-compositeurs\/\",\"url\":\"https:\/\/confluences-melodie.com\/index.php\/les-oeuvres-et-compositeurs\/\",\"name\":\"Les compositeurs au programme du concert Confluence{s}\",\"isPartOf\":{\"@id\":\"https:\/\/confluences-melodie.com\/#website\"},\"datePublished\":\"2017-10-18T13:27:35+00:00\",\"dateModified\":\"2018-04-16T13:57:04+00:00\",\"description\":\"Pr\u00e9sentation des compositeurs, connus ou m\u00e9connus, disparus ou contemporains pr\u00e9sent\u00e9s au programme du concert Confluence{s}\",\"breadcrumb\":{\"@id\":\"https:\/\/confluences-melodie.com\/index.php\/les-oeuvres-et-compositeurs\/#breadcrumb\"},\"inLanguage\":\"fr-FR\",\"potentialAction\":[{\"@type\":\"ReadAction\",\"target\":[\"https:\/\/confluences-melodie.com\/index.php\/les-oeuvres-et-compositeurs\/\"]}]},{\"@type\":\"BreadcrumbList\",\"@id\":\"https:\/\/confluences-melodie.com\/index.php\/les-oeuvres-et-compositeurs\/#breadcrumb\",\"itemListElement\":[{\"@type\":\"ListItem\",\"position\":1,\"name\":\"Accueil\",\"item\":\"https:\/\/confluences-melodie.com\/\"},{\"@type\":\"ListItem\",\"position\":2,\"name\":\"Les compositeurs\"}]},{\"@type\":\"WebSite\",\"@id\":\"https:\/\/confluences-melodie.com\/#website\",\"url\":\"https:\/\/confluences-melodie.com\/\",\"name\":\"Confluences\",\"description\":\"R\u00e9cital pour T\u00e9nor, violoncelle et piano\",\"potentialAction\":[{\"@type\":\"SearchAction\",\"target\":{\"@type\":\"EntryPoint\",\"urlTemplate\":\"https:\/\/confluences-melodie.com\/?s={search_term_string}\"},\"query-input\":{\"@type\":\"PropertyValueSpecification\",\"valueRequired\":true,\"valueName\":\"search_term_string\"}}],\"inLanguage\":\"fr-FR\"}]}<\/script>\n<!-- \/ Yoast SEO plugin. -->","yoast_head_json":{"title":"Les compositeurs au programme du concert Confluence{s}","description":"Pr\u00e9sentation des compositeurs, connus ou m\u00e9connus, disparus ou contemporains pr\u00e9sent\u00e9s au programme du concert Confluence{s}","robots":{"index":"index","follow":"follow","max-snippet":"max-snippet:-1","max-image-preview":"max-image-preview:large","max-video-preview":"max-video-preview:-1"},"canonical":"https:\/\/confluences-melodie.com\/index.php\/les-oeuvres-et-compositeurs\/","og_locale":"fr_FR","og_type":"article","og_title":"Les compositeurs au programme du concert Confluence{s}","og_description":"Pr\u00e9sentation des compositeurs, connus ou m\u00e9connus, disparus ou contemporains pr\u00e9sent\u00e9s au programme du concert Confluence{s}","og_url":"https:\/\/confluences-melodie.com\/index.php\/les-oeuvres-et-compositeurs\/","og_site_name":"Confluences","article_modified_time":"2018-04-16T13:57:04+00:00","twitter_card":"summary_large_image","twitter_misc":{"Dur\u00e9e de lecture estim\u00e9e":"5 minutes"},"schema":{"@context":"https:\/\/schema.org","@graph":[{"@type":"WebPage","@id":"https:\/\/confluences-melodie.com\/index.php\/les-oeuvres-et-compositeurs\/","url":"https:\/\/confluences-melodie.com\/index.php\/les-oeuvres-et-compositeurs\/","name":"Les compositeurs au programme du concert Confluence{s}","isPartOf":{"@id":"https:\/\/confluences-melodie.com\/#website"},"datePublished":"2017-10-18T13:27:35+00:00","dateModified":"2018-04-16T13:57:04+00:00","description":"Pr\u00e9sentation des compositeurs, connus ou m\u00e9connus, disparus ou contemporains pr\u00e9sent\u00e9s au programme du concert Confluence{s}","breadcrumb":{"@id":"https:\/\/confluences-melodie.com\/index.php\/les-oeuvres-et-compositeurs\/#breadcrumb"},"inLanguage":"fr-FR","potentialAction":[{"@type":"ReadAction","target":["https:\/\/confluences-melodie.com\/index.php\/les-oeuvres-et-compositeurs\/"]}]},{"@type":"BreadcrumbList","@id":"https:\/\/confluences-melodie.com\/index.php\/les-oeuvres-et-compositeurs\/#breadcrumb","itemListElement":[{"@type":"ListItem","position":1,"name":"Accueil","item":"https:\/\/confluences-melodie.com\/"},{"@type":"ListItem","position":2,"name":"Les compositeurs"}]},{"@type":"WebSite","@id":"https:\/\/confluences-melodie.com\/#website","url":"https:\/\/confluences-melodie.com\/","name":"Confluences","description":"R\u00e9cital pour T\u00e9nor, violoncelle et piano","potentialAction":[{"@type":"SearchAction","target":{"@type":"EntryPoint","urlTemplate":"https:\/\/confluences-melodie.com\/?s={search_term_string}"},"query-input":{"@type":"PropertyValueSpecification","valueRequired":true,"valueName":"search_term_string"}}],"inLanguage":"fr-FR"}]}},"_links":{"self":[{"href":"https:\/\/confluences-melodie.com\/index.php\/wp-json\/wp\/v2\/pages\/52"}],"collection":[{"href":"https:\/\/confluences-melodie.com\/index.php\/wp-json\/wp\/v2\/pages"}],"about":[{"href":"https:\/\/confluences-melodie.com\/index.php\/wp-json\/wp\/v2\/types\/page"}],"author":[{"embeddable":true,"href":"https:\/\/confluences-melodie.com\/index.php\/wp-json\/wp\/v2\/users\/1"}],"replies":[{"embeddable":true,"href":"https:\/\/confluences-melodie.com\/index.php\/wp-json\/wp\/v2\/comments?post=52"}],"version-history":[{"count":32,"href":"https:\/\/confluences-melodie.com\/index.php\/wp-json\/wp\/v2\/pages\/52\/revisions"}],"predecessor-version":[{"id":1911,"href":"https:\/\/confluences-melodie.com\/index.php\/wp-json\/wp\/v2\/pages\/52\/revisions\/1911"}],"wp:attachment":[{"href":"https:\/\/confluences-melodie.com\/index.php\/wp-json\/wp\/v2\/media?parent=52"}],"curies":[{"name":"wp","href":"https:\/\/api.w.org\/{rel}","templated":true}]}}