{"id":54,"date":"2017-10-18T15:27:47","date_gmt":"2017-10-18T13:27:47","guid":{"rendered":"https:\/\/confluences-melodie.com\/?page_id=54"},"modified":"2018-04-16T15:56:31","modified_gmt":"2018-04-16T13:56:31","slug":"le-cd-double-album","status":"publish","type":"page","link":"https:\/\/confluences-melodie.com\/index.php\/le-cd-double-album\/","title":{"rendered":"Le double album"},"content":{"rendered":"<p>[et_pb_section fb_built=\u00a0\u00bb1&Prime; _builder_version=\u00a0\u00bb3.0.47&Prime; custom_padding=\u00a0\u00bb0px|0px|0px|0px\u00a0\u00bb][et_pb_row custom_padding=\u00a0\u00bb63px|0px|0px|0px\u00a0\u00bb _builder_version=\u00a0\u00bb3.0.47&Prime; background_size=\u00a0\u00bbinitial\u00a0\u00bb background_position=\u00a0\u00bbtop_left\u00a0\u00bb background_repeat=\u00a0\u00bbrepeat\u00a0\u00bb _i=\u00a0\u00bb0&Prime; _address=\u00a0\u00bb0.0&Prime;][et_pb_column type=\u00a0\u00bb4_4&Prime; _builder_version=\u00a0\u00bb3.0.47&Prime; parallax=\u00a0\u00bboff\u00a0\u00bb parallax_method=\u00a0\u00bbon\u00a0\u00bb][et_pb_text _builder_version=\u00a0\u00bb3.0.82&Prime;]<\/p>\n<h1 style=\"text-align: center;\"><span style=\"color: #910942;\">Le double album CONFLUENCE{S}, paru le 1er D\u00e9cembre 2017<\/span><\/h1>\n<p>[\/et_pb_text][\/et_pb_column][\/et_pb_row][\/et_pb_section][et_pb_section fb_built=\u00a0\u00bb1&Prime; _builder_version=\u00a0\u00bb3.0.82&Prime; custom_padding=\u00a0\u00bb0px|0px|0px|0px\u00a0\u00bb][et_pb_row custom_padding=\u00a0\u00bb36px|0px|0px|0px\u00a0\u00bb _builder_version=\u00a0\u00bb3.0.82&Prime;][et_pb_column type=\u00a0\u00bb1_2&Prime; _builder_version=\u00a0\u00bb3.0.47&Prime; parallax=\u00a0\u00bboff\u00a0\u00bb parallax_method=\u00a0\u00bbon\u00a0\u00bb][et_pb_image src=\u00a0\u00bbhttps:\/\/confluences-melodie.com\/wp-content\/uploads\/2017\/10\/Jaquette-confluence-V2-1.png\u00a0\u00bb align=\u00a0\u00bbcenter\u00a0\u00bb _builder_version=\u00a0\u00bb3.0.82&Prime;]<br \/>\n[\/et_pb_image][\/et_pb_column][et_pb_column type=\u00a0\u00bb1_2&Prime; _builder_version=\u00a0\u00bb3.0.47&Prime; parallax=\u00a0\u00bboff\u00a0\u00bb parallax_method=\u00a0\u00bbon\u00a0\u00bb][et_pb_divider _builder_version=\u00a0\u00bb3.0.82&Prime;]<br \/>\n[\/et_pb_divider][et_pb_image src=\u00a0\u00bbhttps:\/\/confluences-melodie.com\/wp-content\/uploads\/2017\/10\/unnamed-1.jpg\u00a0\u00bb align=\u00a0\u00bbcenter\u00a0\u00bb _builder_version=\u00a0\u00bb3.0.82&Prime; max_width=\u00a0\u00bb32%\u00a0\u00bb]<br \/>\n[\/et_pb_image][et_pb_text _builder_version=\u00a0\u00bb3.0.82&Prime;]<\/p>\n<p class=\"p1\" style=\"text-align: center;\"><span class=\"s1\" style=\"font-size: medium;\">Double album produit par le label KLARTHE Records<\/span><\/p>\n<p class=\"p3\" style=\"text-align: center;\"><span class=\"s1\" style=\"font-size: medium;\"><strong>Benjamin Alunni<\/strong><i> t\u00e9nor <\/i><\/span><\/p>\n<p class=\"p3\" style=\"text-align: center;\"><span class=\"s1\" style=\"font-size: medium;\"><strong>Marine Thoreau La Salle<\/strong><i> piano <\/i><\/span><\/p>\n<p class=\"p3\" style=\"text-align: center;\"><span class=\"s1\" style=\"font-size: medium;\"><strong>Lydia Shelley<\/strong><i> violoncelle<\/i><\/span><\/p>\n<p>[\/et_pb_text][et_pb_button button_url=\u00a0\u00bbmailto:benjamin@chantdelinos.com?subject=Pr\u00e9commander%20le%20double%20album&#038;body=Bonjour,%20Je%20souhaite%20pr\u00e9commander%20l&rsquo;album%20Confluences%20au%20prix%20de%2015\u20ac%20l&rsquo;unit\u00e9%20(+2,84%20\u20ac%20de%20frais%20de%20port).%20%0D%0A%0D%0A%20Nombre%20d&rsquo;album(s)%20&#8230;&#8230;.%20x%2015%20\u20ac%20=%20&#8230;&#8230;%20\u20ac%20%0D%0A%0D%0A%20Adresse%20d&rsquo;envoi%20:%20%0D%0A%0D%0A\u2013%20Ch\u00e8que%20\u00e0%20l&rsquo;ordre%20de%20Chant%20de%20Linos,%20ou%20par%20virement%20:%20RIB%20:%20FR76%201027%208060%204300%200208%204220%20103%20BIC:%20CMCIFR2A%20%0D%0A%0D%0A%20D\u00e8s%20r\u00e9ception%20de%20votre%20paiement%20nous%20vous%20ferons%20parvenir%20votre%20album%20par%20voie%20postale.%0D%0A%0D%0A%20Merci%20pour%20votre%20commande.%0D%0A%0D%0A%20Chant%20de%20Linos\u00a0\u00bb url_new_window=\u00a0\u00bbon\u00a0\u00bb button_text=\u00a0\u00bbCommander\u00a0\u00bb button_alignment=\u00a0\u00bbcenter\u00a0\u00bb _builder_version=\u00a0\u00bb3.0.82&Prime;]<br \/>\n[\/et_pb_button][et_pb_button button_url=\u00a0\u00bbhttp:\/\/www.klarthe.com\/index.php\/fr\/enregistrements\/confluence-s-detail\u00a0\u00bb url_new_window=\u00a0\u00bbon\u00a0\u00bb button_text=\u00a0\u00bb\u00c9couter un extrait\u00a0\u00bb button_alignment=\u00a0\u00bbcenter\u00a0\u00bb _builder_version=\u00a0\u00bb3.0.82&Prime;]<br \/>\n[\/et_pb_button][\/et_pb_column][\/et_pb_row][\/et_pb_section][et_pb_section fb_built=\u00a0\u00bb1&Prime; admin_label=\u00a0\u00bbsection\u00a0\u00bb _builder_version=\u00a0\u00bb3.0.47&Prime; custom_padding=\u00a0\u00bb0px|0px|0px|0px\u00a0\u00bb][et_pb_row custom_padding=\u00a0\u00bb0px|0px|0px|0px\u00a0\u00bb _builder_version=\u00a0\u00bb3.0.82&Prime;][et_pb_column type=\u00a0\u00bb4_4&Prime; _builder_version=\u00a0\u00bb3.0.47&Prime; parallax=\u00a0\u00bboff\u00a0\u00bb parallax_method=\u00a0\u00bbon\u00a0\u00bb][et_pb_divider height=\u00a0\u00bb18px\u00a0\u00bb _builder_version=\u00a0\u00bb3.0.82&Prime; module_alignment=\u00a0\u00bbcenter\u00a0\u00bb]<br \/>\n[\/et_pb_divider][et_pb_divider _builder_version=\u00a0\u00bb3.0.82&Prime;]<br \/>\n[\/et_pb_divider][\/et_pb_column][\/et_pb_row][et_pb_row custom_padding=\u00a0\u00bb0px|0px|0px|0px\u00a0\u00bb _builder_version=\u00a0\u00bb3.0.82&Prime;][et_pb_column type=\u00a0\u00bb4_4&Prime; _builder_version=\u00a0\u00bb3.0.47&Prime; parallax=\u00a0\u00bboff\u00a0\u00bb parallax_method=\u00a0\u00bbon\u00a0\u00bb][et_pb_divider _builder_version=\u00a0\u00bb3.0.82&Prime;]<br \/>\n[\/et_pb_divider][\/et_pb_column][\/et_pb_row][et_pb_row custom_padding=\u00a0\u00bb0px|0px|0px|0px\u00a0\u00bb _builder_version=\u00a0\u00bb3.0.82&Prime;][et_pb_column type=\u00a0\u00bb1_2&Prime; _builder_version=\u00a0\u00bb3.0.47&Prime; parallax=\u00a0\u00bboff\u00a0\u00bb parallax_method=\u00a0\u00bbon\u00a0\u00bb][et_pb_text _builder_version=\u00a0\u00bb3.0.82&Prime;]<\/p>\n<h4 lang=\"fr-FR\" style=\"text-align: center;\" align=\"LEFT\"><strong>{ CD 1 }<\/strong><\/h4>\n<p lang=\"fr-FR\" style=\"text-align: justify;\" align=\"LEFT\">Graciane FINZI &#8211; Kaddish pour t\u00e9nor, violoncelle et piano<\/p>\n<p lang=\"fr-FR\" style=\"text-align: justify;\" align=\"LEFT\">Elsa BARRAINE &#8211; Quatre Chants juifs*<\/p>\n<p lang=\"fr-FR\" style=\"text-align: justify;\" align=\"LEFT\">Darius MILHAUD &#8211; Po\u00e8mes juifs*<\/p>\n<p lang=\"fr-FR\" style=\"text-align: justify;\" align=\"LEFT\">Verdina SCHLONSKI &#8211; Images palestiniennes*<\/p>\n<p lang=\"fr-FR\" style=\"text-align: justify;\" align=\"LEFT\">L\u00e9on ALGAZI &#8211; Six Chansons populaires*<\/p>\n<p lang=\"fr-FR\" style=\"text-align: justify;\" align=\"LEFT\">L\u00e9on ALGAZI &#8211; Trois Chansons populaires juives*<\/p>\n<p lang=\"fr-FR\" style=\"text-align: justify;\" align=\"LEFT\">Louis AUBERT &#8211; Trois Chants h\u00e9bra\u00efques*<\/p>\n<p lang=\"fr-FR\" style=\"text-align: justify;\" align=\"LEFT\">Manuel ROSENTHAL &#8211; Cinq Chansons juives*<\/p>\n<p>[\/et_pb_text][\/et_pb_column][et_pb_column type=\u00a0\u00bb1_2&Prime; _builder_version=\u00a0\u00bb3.0.47&Prime; parallax=\u00a0\u00bboff\u00a0\u00bb parallax_method=\u00a0\u00bbon\u00a0\u00bb][et_pb_text _builder_version=\u00a0\u00bb3.0.82&Prime;]<\/p>\n<h4 style=\"text-align: center;\"><strong>{ CD 2 }<\/strong><\/h4>\n<p lang=\"fr-FR\" align=\"LEFT\">Nicolas BACRI &#8211; Vita et Mors pour violoncelle solo<\/p>\n<p lang=\"fr-FR\" align=\"LEFT\">Darius MILHAUD &#8211; Deux Chants populaires palestiniens<\/p>\n<p lang=\"fr-FR\" align=\"LEFT\">Arthur HONEGGER &#8211; Ra\u2019inu \u2018Amalenu<\/p>\n<p lang=\"fr-FR\" align=\"LEFT\">Darius MILHAUD &#8211; Chants populaires h\u00e9bra\u00efques*<\/p>\n<p lang=\"fr-FR\" align=\"LEFT\">Paul MARTINEAU &#8211; Quatre M\u00e9lodies h\u00e9bra\u00efques*<\/p>\n<p lang=\"fr-FR\" align=\"LEFT\">Maurice RAVEL &#8211; Deux M\u00e9lodies h\u00e9bra\u00efques<\/p>\n<p lang=\"fr-FR\" align=\"LEFT\">*extraits<\/p>\n<p>[\/et_pb_text][\/et_pb_column][\/et_pb_row][\/et_pb_section][et_pb_section fb_built=\u00a0\u00bb1&Prime; _builder_version=\u00a0\u00bb3.0.82&Prime; custom_padding=\u00a0\u00bb0px|0px|0px|0px\u00a0\u00bb global_module=\u00a0\u00bb293&Prime;][\/et_pb_section][et_pb_section fb_built=\u00a0\u00bb1&Prime; _builder_version=\u00a0\u00bb3.0.82&Prime; custom_padding=\u00a0\u00bb0px|0px|46.9062px|0px\u00a0\u00bb global_module=\u00a0\u00bb1907&Prime;][et_pb_row custom_padding=\u00a0\u00bb27px|0px|70.375px|0px\u00a0\u00bb _builder_version=\u00a0\u00bb3.0.82&Prime;][et_pb_column type=\u00a0\u00bb4_4&Prime; _builder_version=\u00a0\u00bb3.0.82&Prime; parallax=\u00a0\u00bboff\u00a0\u00bb parallax_method=\u00a0\u00bbon\u00a0\u00bb][et_pb_divider color=\u00a0\u00bb#910942&Prime; show_divider=\u00a0\u00bbon\u00a0\u00bb divider_style=\u00a0\u00bbsolid\u00a0\u00bb divider_position=\u00a0\u00bbtop\u00a0\u00bb _builder_version=\u00a0\u00bb3.0.82&Prime;][\/et_pb_divider][et_pb_text _builder_version=\u00a0\u00bb3.0.82&Prime; text_font=\u00a0\u00bbGeorgia||||\u00a0\u00bb]<\/p>\n<h3 style=\"text-align: center;\"><span style=\"color: #910942;\"><b>Partenaires<\/b><\/span><\/h3>\n<p>[\/et_pb_text][et_pb_image src=\u00a0\u00bbhttps:\/\/confluences-melodie.com\/wp-content\/uploads\/2017\/10\/partenaires-confluences.png\u00a0\u00bb align=\u00a0\u00bbcenter\u00a0\u00bb _builder_version=\u00a0\u00bb3.0.82&Prime; max_width=\u00a0\u00bb70%\u00a0\u00bb module_alignment=\u00a0\u00bbcenter\u00a0\u00bb][\/et_pb_image][\/et_pb_column][\/et_pb_row][\/et_pb_section]<\/p>\n","protected":false},"excerpt":{"rendered":"<p>Le concert Confluence{s} du 7 d\u00e9cembre est organis\u00e9 \u00e0 l&rsquo;occasion du lancement du double album. \u00c9coutez un extrait et pr\u00e9commandez votre album !<\/p>\n","protected":false},"author":1,"featured_media":0,"parent":0,"menu_order":0,"comment_status":"closed","ping_status":"closed","template":"","meta":{"_et_pb_use_builder":"on","_et_pb_old_content":"","_et_gb_content_width":"","footnotes":""},"class_list":["post-54","page","type-page","status-publish","hentry"],"yoast_head":"<!-- This site is optimized with the Yoast SEO plugin v25.6 - https:\/\/yoast.com\/wordpress\/plugins\/seo\/ -->\n<title>Concert \u00e0 l&#039;occasion de la sortie du double album du projet Confluence{s}<\/title>\n<meta name=\"description\" content=\"Le concert Confluence{s} du 7 d\u00e9cembre est organis\u00e9 \u00e0 l&#039;occasion du lancement du double album. \u00c9coutez un extrait et pr\u00e9commandez votre album !\" \/>\n<meta name=\"robots\" content=\"index, follow, max-snippet:-1, max-image-preview:large, max-video-preview:-1\" \/>\n<link rel=\"canonical\" href=\"https:\/\/confluences-melodie.com\/index.php\/le-cd-double-album\/\" \/>\n<meta property=\"og:locale\" content=\"fr_FR\" \/>\n<meta property=\"og:type\" content=\"article\" \/>\n<meta property=\"og:title\" content=\"Concert \u00e0 l&#039;occasion de la sortie du double album du projet Confluence{s}\" \/>\n<meta property=\"og:description\" content=\"Le concert Confluence{s} du 7 d\u00e9cembre est organis\u00e9 \u00e0 l&#039;occasion du lancement du double album. \u00c9coutez un extrait et pr\u00e9commandez votre album !\" \/>\n<meta property=\"og:url\" content=\"https:\/\/confluences-melodie.com\/index.php\/le-cd-double-album\/\" \/>\n<meta property=\"og:site_name\" content=\"Confluences\" \/>\n<meta property=\"article:modified_time\" content=\"2018-04-16T13:56:31+00:00\" \/>\n<meta name=\"twitter:card\" content=\"summary_large_image\" \/>\n<meta name=\"twitter:label1\" content=\"Dur\u00e9e de lecture estim\u00e9e\" \/>\n\t<meta name=\"twitter:data1\" content=\"4 minutes\" \/>\n<script type=\"application\/ld+json\" class=\"yoast-schema-graph\">{\"@context\":\"https:\/\/schema.org\",\"@graph\":[{\"@type\":\"WebPage\",\"@id\":\"https:\/\/confluences-melodie.com\/index.php\/le-cd-double-album\/\",\"url\":\"https:\/\/confluences-melodie.com\/index.php\/le-cd-double-album\/\",\"name\":\"Concert \u00e0 l'occasion de la sortie du double album du projet Confluence{s}\",\"isPartOf\":{\"@id\":\"https:\/\/confluences-melodie.com\/#website\"},\"datePublished\":\"2017-10-18T13:27:47+00:00\",\"dateModified\":\"2018-04-16T13:56:31+00:00\",\"description\":\"Le concert Confluence{s} du 7 d\u00e9cembre est organis\u00e9 \u00e0 l'occasion du lancement du double album. \u00c9coutez un extrait et pr\u00e9commandez votre album !\",\"breadcrumb\":{\"@id\":\"https:\/\/confluences-melodie.com\/index.php\/le-cd-double-album\/#breadcrumb\"},\"inLanguage\":\"fr-FR\",\"potentialAction\":[{\"@type\":\"ReadAction\",\"target\":[\"https:\/\/confluences-melodie.com\/index.php\/le-cd-double-album\/\"]}]},{\"@type\":\"BreadcrumbList\",\"@id\":\"https:\/\/confluences-melodie.com\/index.php\/le-cd-double-album\/#breadcrumb\",\"itemListElement\":[{\"@type\":\"ListItem\",\"position\":1,\"name\":\"Accueil\",\"item\":\"https:\/\/confluences-melodie.com\/\"},{\"@type\":\"ListItem\",\"position\":2,\"name\":\"Le double album\"}]},{\"@type\":\"WebSite\",\"@id\":\"https:\/\/confluences-melodie.com\/#website\",\"url\":\"https:\/\/confluences-melodie.com\/\",\"name\":\"Confluences\",\"description\":\"R\u00e9cital pour T\u00e9nor, violoncelle et piano\",\"potentialAction\":[{\"@type\":\"SearchAction\",\"target\":{\"@type\":\"EntryPoint\",\"urlTemplate\":\"https:\/\/confluences-melodie.com\/?s={search_term_string}\"},\"query-input\":{\"@type\":\"PropertyValueSpecification\",\"valueRequired\":true,\"valueName\":\"search_term_string\"}}],\"inLanguage\":\"fr-FR\"}]}<\/script>\n<!-- \/ Yoast SEO plugin. -->","yoast_head_json":{"title":"Concert \u00e0 l'occasion de la sortie du double album du projet Confluence{s}","description":"Le concert Confluence{s} du 7 d\u00e9cembre est organis\u00e9 \u00e0 l'occasion du lancement du double album. \u00c9coutez un extrait et pr\u00e9commandez votre album !","robots":{"index":"index","follow":"follow","max-snippet":"max-snippet:-1","max-image-preview":"max-image-preview:large","max-video-preview":"max-video-preview:-1"},"canonical":"https:\/\/confluences-melodie.com\/index.php\/le-cd-double-album\/","og_locale":"fr_FR","og_type":"article","og_title":"Concert \u00e0 l'occasion de la sortie du double album du projet Confluence{s}","og_description":"Le concert Confluence{s} du 7 d\u00e9cembre est organis\u00e9 \u00e0 l'occasion du lancement du double album. \u00c9coutez un extrait et pr\u00e9commandez votre album !","og_url":"https:\/\/confluences-melodie.com\/index.php\/le-cd-double-album\/","og_site_name":"Confluences","article_modified_time":"2018-04-16T13:56:31+00:00","twitter_card":"summary_large_image","twitter_misc":{"Dur\u00e9e de lecture estim\u00e9e":"4 minutes"},"schema":{"@context":"https:\/\/schema.org","@graph":[{"@type":"WebPage","@id":"https:\/\/confluences-melodie.com\/index.php\/le-cd-double-album\/","url":"https:\/\/confluences-melodie.com\/index.php\/le-cd-double-album\/","name":"Concert \u00e0 l'occasion de la sortie du double album du projet Confluence{s}","isPartOf":{"@id":"https:\/\/confluences-melodie.com\/#website"},"datePublished":"2017-10-18T13:27:47+00:00","dateModified":"2018-04-16T13:56:31+00:00","description":"Le concert Confluence{s} du 7 d\u00e9cembre est organis\u00e9 \u00e0 l'occasion du lancement du double album. \u00c9coutez un extrait et pr\u00e9commandez votre album !","breadcrumb":{"@id":"https:\/\/confluences-melodie.com\/index.php\/le-cd-double-album\/#breadcrumb"},"inLanguage":"fr-FR","potentialAction":[{"@type":"ReadAction","target":["https:\/\/confluences-melodie.com\/index.php\/le-cd-double-album\/"]}]},{"@type":"BreadcrumbList","@id":"https:\/\/confluences-melodie.com\/index.php\/le-cd-double-album\/#breadcrumb","itemListElement":[{"@type":"ListItem","position":1,"name":"Accueil","item":"https:\/\/confluences-melodie.com\/"},{"@type":"ListItem","position":2,"name":"Le double album"}]},{"@type":"WebSite","@id":"https:\/\/confluences-melodie.com\/#website","url":"https:\/\/confluences-melodie.com\/","name":"Confluences","description":"R\u00e9cital pour T\u00e9nor, violoncelle et piano","potentialAction":[{"@type":"SearchAction","target":{"@type":"EntryPoint","urlTemplate":"https:\/\/confluences-melodie.com\/?s={search_term_string}"},"query-input":{"@type":"PropertyValueSpecification","valueRequired":true,"valueName":"search_term_string"}}],"inLanguage":"fr-FR"}]}},"_links":{"self":[{"href":"https:\/\/confluences-melodie.com\/index.php\/wp-json\/wp\/v2\/pages\/54"}],"collection":[{"href":"https:\/\/confluences-melodie.com\/index.php\/wp-json\/wp\/v2\/pages"}],"about":[{"href":"https:\/\/confluences-melodie.com\/index.php\/wp-json\/wp\/v2\/types\/page"}],"author":[{"embeddable":true,"href":"https:\/\/confluences-melodie.com\/index.php\/wp-json\/wp\/v2\/users\/1"}],"replies":[{"embeddable":true,"href":"https:\/\/confluences-melodie.com\/index.php\/wp-json\/wp\/v2\/comments?post=54"}],"version-history":[{"count":37,"href":"https:\/\/confluences-melodie.com\/index.php\/wp-json\/wp\/v2\/pages\/54\/revisions"}],"predecessor-version":[{"id":1910,"href":"https:\/\/confluences-melodie.com\/index.php\/wp-json\/wp\/v2\/pages\/54\/revisions\/1910"}],"wp:attachment":[{"href":"https:\/\/confluences-melodie.com\/index.php\/wp-json\/wp\/v2\/media?parent=54"}],"curies":[{"name":"wp","href":"https:\/\/api.w.org\/{rel}","templated":true}]}}