{"id":667,"date":"2017-10-31T16:59:54","date_gmt":"2017-10-31T15:59:54","guid":{"rendered":"https:\/\/confluences-melodie.com\/?page_id=667"},"modified":"2018-04-16T15:57:59","modified_gmt":"2018-04-16T13:57:59","slug":"chant-de-linos","status":"publish","type":"page","link":"https:\/\/confluences-melodie.com\/index.php\/chant-de-linos\/","title":{"rendered":"Chant de Linos"},"content":{"rendered":"<p>[et_pb_section fb_built=\u00a0\u00bb1&Prime; _builder_version=\u00a0\u00bb3.0.47&Prime; custom_padding=\u00a0\u00bb51.1562px|0px|0px|0px\u00a0\u00bb][et_pb_row custom_padding=\u00a0\u00bb15px|0px|20px|0px\u00a0\u00bb _builder_version=\u00a0\u00bb3.0.82&Prime;][et_pb_column type=\u00a0\u00bb1_2&Prime; _builder_version=\u00a0\u00bb3.0.47&Prime; parallax=\u00a0\u00bboff\u00a0\u00bb parallax_method=\u00a0\u00bbon\u00a0\u00bb][et_pb_image src=\u00a0\u00bbhttps:\/\/confluences-melodie.com\/wp-content\/uploads\/2017\/10\/Logo-linos_HD-Blanc.jpg\u00a0\u00bb align=\u00a0\u00bbcenter\u00a0\u00bb _builder_version=\u00a0\u00bb3.0.82&Prime; max_width=\u00a0\u00bb32%\u00a0\u00bb][\/et_pb_image][\/et_pb_column][et_pb_column type=\u00a0\u00bb1_2&Prime; _builder_version=\u00a0\u00bb3.0.47&Prime; parallax=\u00a0\u00bboff\u00a0\u00bb parallax_method=\u00a0\u00bbon\u00a0\u00bb][et_pb_text _builder_version=\u00a0\u00bb3.0.82&Prime;]<\/p>\n<h1 style=\"text-align: center;\"><span style=\"color: #910942;\">Chant de Linos<\/span><\/h1>\n<p>&nbsp;<\/p>\n<p style=\"text-align: center;\">L&rsquo;association Chant de Linos est porteuse du projet Confluence{s}.<\/p>\n<p class=\"p1\" style=\"text-align: center;\"><em><span class=\"s1\">Chant de Linos<br \/>\n<\/span><span class=\"s1\">151 boulevard du Montparnasse<br \/>\n<\/span><span class=\"s1\">75006 Paris &#8211; France<\/span><\/em><\/p>\n<p>[\/et_pb_text][\/et_pb_column][\/et_pb_row][\/et_pb_section][et_pb_section fb_built=\u00a0\u00bb1&Prime; _builder_version=\u00a0\u00bb3.0.82&Prime; custom_padding=\u00a0\u00bb0px|0px|0px|0px\u00a0\u00bb global_module=\u00a0\u00bb293&Prime;][\/et_pb_section][et_pb_section fb_built=\u00a0\u00bb1&Prime; _builder_version=\u00a0\u00bb3.0.82&Prime; custom_padding=\u00a0\u00bb0px|0px|46.9062px|0px\u00a0\u00bb global_module=\u00a0\u00bb1907&Prime;][et_pb_row custom_padding=\u00a0\u00bb27px|0px|70.375px|0px\u00a0\u00bb _builder_version=\u00a0\u00bb3.0.82&Prime;][et_pb_column type=\u00a0\u00bb4_4&Prime; _builder_version=\u00a0\u00bb3.0.82&Prime; parallax=\u00a0\u00bboff\u00a0\u00bb parallax_method=\u00a0\u00bbon\u00a0\u00bb][et_pb_divider color=\u00a0\u00bb#910942&Prime; show_divider=\u00a0\u00bbon\u00a0\u00bb divider_style=\u00a0\u00bbsolid\u00a0\u00bb divider_position=\u00a0\u00bbtop\u00a0\u00bb _builder_version=\u00a0\u00bb3.0.82&Prime;][\/et_pb_divider][et_pb_text _builder_version=\u00a0\u00bb3.0.82&Prime; text_font=\u00a0\u00bbGeorgia||||\u00a0\u00bb]<\/p>\n<h3 style=\"text-align: center;\"><span style=\"color: #910942;\"><b>Partenaires<\/b><\/span><\/h3>\n<p>[\/et_pb_text][et_pb_image src=\u00a0\u00bbhttps:\/\/confluences-melodie.com\/wp-content\/uploads\/2017\/10\/partenaires-confluences.png\u00a0\u00bb align=\u00a0\u00bbcenter\u00a0\u00bb _builder_version=\u00a0\u00bb3.0.82&Prime; max_width=\u00a0\u00bb70%\u00a0\u00bb module_alignment=\u00a0\u00bbcenter\u00a0\u00bb][\/et_pb_image][\/et_pb_column][\/et_pb_row][\/et_pb_section]<\/p>\n","protected":false},"excerpt":{"rendered":"<p>L&rsquo;association Chant de Linos est fi\u00e8re d&rsquo;\u00eatre porteuse du projet Confluence{s}. Benjamin Alunni, membre de l&rsquo;association, en est \u00e0 l&rsquo;origine. <\/p>\n","protected":false},"author":1,"featured_media":0,"parent":0,"menu_order":0,"comment_status":"closed","ping_status":"closed","template":"","meta":{"_et_pb_use_builder":"on","_et_pb_old_content":"","_et_gb_content_width":"","footnotes":""},"class_list":["post-667","page","type-page","status-publish","hentry"],"yoast_head":"<!-- This site is optimized with the Yoast SEO plugin v25.6 - https:\/\/yoast.com\/wordpress\/plugins\/seo\/ -->\n<title>Concert Confluence{s} - Association Chant de Linos<\/title>\n<meta name=\"description\" content=\"L&#039;association Chant de Linos est fi\u00e8re d&#039;\u00eatre porteuse du projet Confluence{s}. Benjamin Alunni, membre de l&#039;association, en est \u00e0 l&#039;origine.\" \/>\n<meta name=\"robots\" content=\"index, follow, max-snippet:-1, max-image-preview:large, max-video-preview:-1\" \/>\n<link rel=\"canonical\" href=\"https:\/\/confluences-melodie.com\/index.php\/chant-de-linos\/\" \/>\n<meta property=\"og:locale\" content=\"fr_FR\" \/>\n<meta property=\"og:type\" content=\"article\" \/>\n<meta property=\"og:title\" content=\"Concert Confluence{s} - Association Chant de Linos\" \/>\n<meta property=\"og:description\" content=\"L&#039;association Chant de Linos est fi\u00e8re d&#039;\u00eatre porteuse du projet Confluence{s}. Benjamin Alunni, membre de l&#039;association, en est \u00e0 l&#039;origine.\" \/>\n<meta property=\"og:url\" content=\"https:\/\/confluences-melodie.com\/index.php\/chant-de-linos\/\" \/>\n<meta property=\"og:site_name\" content=\"Confluences\" \/>\n<meta property=\"article:modified_time\" content=\"2018-04-16T13:57:59+00:00\" \/>\n<meta name=\"twitter:card\" content=\"summary_large_image\" \/>\n<meta name=\"twitter:label1\" content=\"Dur\u00e9e de lecture estim\u00e9e\" \/>\n\t<meta name=\"twitter:data1\" content=\"1 minute\" \/>\n<script type=\"application\/ld+json\" class=\"yoast-schema-graph\">{\"@context\":\"https:\/\/schema.org\",\"@graph\":[{\"@type\":\"WebPage\",\"@id\":\"https:\/\/confluences-melodie.com\/index.php\/chant-de-linos\/\",\"url\":\"https:\/\/confluences-melodie.com\/index.php\/chant-de-linos\/\",\"name\":\"Concert Confluence{s} - Association Chant de Linos\",\"isPartOf\":{\"@id\":\"https:\/\/confluences-melodie.com\/#website\"},\"datePublished\":\"2017-10-31T15:59:54+00:00\",\"dateModified\":\"2018-04-16T13:57:59+00:00\",\"description\":\"L'association Chant de Linos est fi\u00e8re d'\u00eatre porteuse du projet Confluence{s}. Benjamin Alunni, membre de l'association, en est \u00e0 l'origine.\",\"breadcrumb\":{\"@id\":\"https:\/\/confluences-melodie.com\/index.php\/chant-de-linos\/#breadcrumb\"},\"inLanguage\":\"fr-FR\",\"potentialAction\":[{\"@type\":\"ReadAction\",\"target\":[\"https:\/\/confluences-melodie.com\/index.php\/chant-de-linos\/\"]}]},{\"@type\":\"BreadcrumbList\",\"@id\":\"https:\/\/confluences-melodie.com\/index.php\/chant-de-linos\/#breadcrumb\",\"itemListElement\":[{\"@type\":\"ListItem\",\"position\":1,\"name\":\"Accueil\",\"item\":\"https:\/\/confluences-melodie.com\/\"},{\"@type\":\"ListItem\",\"position\":2,\"name\":\"Chant de Linos\"}]},{\"@type\":\"WebSite\",\"@id\":\"https:\/\/confluences-melodie.com\/#website\",\"url\":\"https:\/\/confluences-melodie.com\/\",\"name\":\"Confluences\",\"description\":\"R\u00e9cital pour T\u00e9nor, violoncelle et piano\",\"potentialAction\":[{\"@type\":\"SearchAction\",\"target\":{\"@type\":\"EntryPoint\",\"urlTemplate\":\"https:\/\/confluences-melodie.com\/?s={search_term_string}\"},\"query-input\":{\"@type\":\"PropertyValueSpecification\",\"valueRequired\":true,\"valueName\":\"search_term_string\"}}],\"inLanguage\":\"fr-FR\"}]}<\/script>\n<!-- \/ Yoast SEO plugin. -->","yoast_head_json":{"title":"Concert Confluence{s} - Association Chant de Linos","description":"L'association Chant de Linos est fi\u00e8re d'\u00eatre porteuse du projet Confluence{s}. Benjamin Alunni, membre de l'association, en est \u00e0 l'origine.","robots":{"index":"index","follow":"follow","max-snippet":"max-snippet:-1","max-image-preview":"max-image-preview:large","max-video-preview":"max-video-preview:-1"},"canonical":"https:\/\/confluences-melodie.com\/index.php\/chant-de-linos\/","og_locale":"fr_FR","og_type":"article","og_title":"Concert Confluence{s} - Association Chant de Linos","og_description":"L'association Chant de Linos est fi\u00e8re d'\u00eatre porteuse du projet Confluence{s}. Benjamin Alunni, membre de l'association, en est \u00e0 l'origine.","og_url":"https:\/\/confluences-melodie.com\/index.php\/chant-de-linos\/","og_site_name":"Confluences","article_modified_time":"2018-04-16T13:57:59+00:00","twitter_card":"summary_large_image","twitter_misc":{"Dur\u00e9e de lecture estim\u00e9e":"1 minute"},"schema":{"@context":"https:\/\/schema.org","@graph":[{"@type":"WebPage","@id":"https:\/\/confluences-melodie.com\/index.php\/chant-de-linos\/","url":"https:\/\/confluences-melodie.com\/index.php\/chant-de-linos\/","name":"Concert Confluence{s} - Association Chant de Linos","isPartOf":{"@id":"https:\/\/confluences-melodie.com\/#website"},"datePublished":"2017-10-31T15:59:54+00:00","dateModified":"2018-04-16T13:57:59+00:00","description":"L'association Chant de Linos est fi\u00e8re d'\u00eatre porteuse du projet Confluence{s}. Benjamin Alunni, membre de l'association, en est \u00e0 l'origine.","breadcrumb":{"@id":"https:\/\/confluences-melodie.com\/index.php\/chant-de-linos\/#breadcrumb"},"inLanguage":"fr-FR","potentialAction":[{"@type":"ReadAction","target":["https:\/\/confluences-melodie.com\/index.php\/chant-de-linos\/"]}]},{"@type":"BreadcrumbList","@id":"https:\/\/confluences-melodie.com\/index.php\/chant-de-linos\/#breadcrumb","itemListElement":[{"@type":"ListItem","position":1,"name":"Accueil","item":"https:\/\/confluences-melodie.com\/"},{"@type":"ListItem","position":2,"name":"Chant de Linos"}]},{"@type":"WebSite","@id":"https:\/\/confluences-melodie.com\/#website","url":"https:\/\/confluences-melodie.com\/","name":"Confluences","description":"R\u00e9cital pour T\u00e9nor, violoncelle et piano","potentialAction":[{"@type":"SearchAction","target":{"@type":"EntryPoint","urlTemplate":"https:\/\/confluences-melodie.com\/?s={search_term_string}"},"query-input":{"@type":"PropertyValueSpecification","valueRequired":true,"valueName":"search_term_string"}}],"inLanguage":"fr-FR"}]}},"_links":{"self":[{"href":"https:\/\/confluences-melodie.com\/index.php\/wp-json\/wp\/v2\/pages\/667"}],"collection":[{"href":"https:\/\/confluences-melodie.com\/index.php\/wp-json\/wp\/v2\/pages"}],"about":[{"href":"https:\/\/confluences-melodie.com\/index.php\/wp-json\/wp\/v2\/types\/page"}],"author":[{"embeddable":true,"href":"https:\/\/confluences-melodie.com\/index.php\/wp-json\/wp\/v2\/users\/1"}],"replies":[{"embeddable":true,"href":"https:\/\/confluences-melodie.com\/index.php\/wp-json\/wp\/v2\/comments?post=667"}],"version-history":[{"count":9,"href":"https:\/\/confluences-melodie.com\/index.php\/wp-json\/wp\/v2\/pages\/667\/revisions"}],"predecessor-version":[{"id":1913,"href":"https:\/\/confluences-melodie.com\/index.php\/wp-json\/wp\/v2\/pages\/667\/revisions\/1913"}],"wp:attachment":[{"href":"https:\/\/confluences-melodie.com\/index.php\/wp-json\/wp\/v2\/media?parent=667"}],"curies":[{"name":"wp","href":"https:\/\/api.w.org\/{rel}","templated":true}]}}